{"id":440,"date":"2020-07-10T09:15:44","date_gmt":"2020-07-10T09:15:44","guid":{"rendered":"http:\/\/savoy-dubai.ms.decms.eu\/?page_id=440"},"modified":"2020-10-08T14:49:38","modified_gmt":"2020-10-08T14:49:38","slug":"savoy-central","status":"publish","type":"page","link":"https:\/\/www.savoydubai.com\/de\/savoy-central\/","title":{"rendered":"Savoy Central"},"content":{"rendered":"<p>Die Savoy Central Hotel Apartments bieten Zimmer mit einer gut ausgestatteten Kochnische, w\u00e4hrend unsere G\u00e4ste vom Pool auf der Dachterrasse eine Panoramaaussicht auf Bur Dubai, die Innenstadt von Dubai, genie\u00dfen k\u00f6nnen. Zur Ausstattung geh\u00f6ren ein Au\u00dfenpool, eine Sauna\/ein Dampfbad und ein Fitnessstudio. Alle 154 klimatisierten Studio-Apartments verf\u00fcgen \u00fcber ein modernes Interieur mit traditionellen dekorativen Elementen. Alle Apartments verf\u00fcgen \u00fcber einen Sitzbereich mit Satellitenfernseher, einen gro\u00dfen K\u00fchlschrank mit Gefrierfach, eine Mikrowelle und eine Waschmaschine.<\/p>\n<p>Erm\u00e4\u00dfigte Eintrittskarten f\u00fcr alle bedeutenden lokalen Sehensw\u00fcrdigkeiten sind an der Rezeption erh\u00e4ltlich. F\u00fcr alle G\u00e4ste gibt es eine t\u00e4gliche Busverbindung zum nahe gelegenen Strand \u201eLa Mer\u201c in Jumeirah; Strandmatten und Badehandt\u00fccher werden kostenlos im Bus zur Verf\u00fcgung gestellt. Das Hotel liegt ideal in der N\u00e4he des Einkaufszentrums BurJuman, des Dubai Museum und des Kulturviertels von Dubai. Mehrere U-Bahn-Haltestellen sind vom Hotel aus zu Fu\u00df erreichbar.<\/p>\n<p>Das Multi-Cuisine-Caf\u00e9 ist zum Fr\u00fchst\u00fcck, Mittag- und Abendessen sowie f\u00fcr kleine H\u00e4ppchen ge\u00f6ffnet. Es serviert eine gro\u00dfe Auswahl an internationalen Gerichten.<\/p>\n<p>Gewinner des Dubai Green Sustainable Tourism Award in den Jahren 2017 und 2019. Wir bei Savoy Central Hotel Apartments glauben, dass Nachhaltigkeit und au\u00dfergew\u00f6hnliche Gastfreundschaft Hand in Hand gehen sollten.<\/p>\n","protected":false},"excerpt":{"rendered":"<p>Die gut ausgestatteten Executive-Studio-Zimmer des Savoy Central Hotel Apartments im Herzen von Dubai bieten Ihnen einen Panoramablick auf die Stadt.<\/p>\n","protected":false},"author":36,"featured_media":0,"parent":0,"menu_order":40,"comment_status":"closed","ping_status":"closed","template":"template-hotel.php","meta":{"footnotes":""},"class_list":["post-440","page","type-page","status-publish","hentry"],"yoast_head":"<!-- This site is optimized with the Yoast SEO plugin v26.9 - https:\/\/yoast.com\/product\/yoast-seo-wordpress\/ -->\n<title>Savoy Central - Savoy Dubai<\/title>\n<meta name=\"robots\" content=\"index, follow, max-snippet:-1, max-image-preview:large, max-video-preview:-1\" \/>\n<link rel=\"canonical\" href=\"https:\/\/www.savoydubai.com\/de\/savoy-central\/\" \/>\n<meta property=\"og:locale\" content=\"de_DE\" \/>\n<meta property=\"og:type\" content=\"article\" \/>\n<meta property=\"og:title\" content=\"Savoy Central - Savoy Dubai\" \/>\n<meta property=\"og:description\" content=\"Die gut ausgestatteten Executive-Studio-Zimmer des Savoy Central Hotel Apartments im Herzen von Dubai bieten Ihnen einen Panoramablick auf die Stadt.\" \/>\n<meta property=\"og:url\" content=\"https:\/\/www.savoydubai.com\/de\/savoy-central\/\" \/>\n<meta property=\"og:site_name\" content=\"Savoy Dubai\" \/>\n<meta property=\"article:modified_time\" content=\"2020-10-08T14:49:38+00:00\" \/>\n<meta name=\"twitter:card\" content=\"summary_large_image\" \/>\n<meta name=\"twitter:label1\" content=\"Gesch\u00e4tzte Lesezeit\" \/>\n\t<meta name=\"twitter:data1\" content=\"1 Minute\" \/>\n<script type=\"application\/ld+json\" class=\"yoast-schema-graph\">{\"@context\":\"https:\/\/schema.org\",\"@graph\":[{\"@type\":\"WebPage\",\"@id\":\"https:\/\/www.savoydubai.com\/de\/savoy-central\/\",\"url\":\"https:\/\/www.savoydubai.com\/de\/savoy-central\/\",\"name\":\"Savoy Central - Savoy Dubai\",\"isPartOf\":{\"@id\":\"https:\/\/www.savoydubai.com\/de\/#website\"},\"datePublished\":\"2020-07-10T09:15:44+00:00\",\"dateModified\":\"2020-10-08T14:49:38+00:00\",\"breadcrumb\":{\"@id\":\"https:\/\/www.savoydubai.com\/de\/savoy-central\/#breadcrumb\"},\"inLanguage\":\"de-DE\",\"potentialAction\":[{\"@type\":\"ReadAction\",\"target\":[\"https:\/\/www.savoydubai.com\/de\/savoy-central\/\"]}]},{\"@type\":\"BreadcrumbList\",\"@id\":\"https:\/\/www.savoydubai.com\/de\/savoy-central\/#breadcrumb\",\"itemListElement\":[{\"@type\":\"ListItem\",\"position\":1,\"name\":\"Home\",\"item\":\"https:\/\/www.savoydubai.com\/de\/\"},{\"@type\":\"ListItem\",\"position\":2,\"name\":\"Savoy Central\"}]},{\"@type\":\"WebSite\",\"@id\":\"https:\/\/www.savoydubai.com\/de\/#website\",\"url\":\"https:\/\/www.savoydubai.com\/de\/\",\"name\":\"Savoy Dubai\",\"description\":\"Just another ms.decms.eu site\",\"potentialAction\":[{\"@type\":\"SearchAction\",\"target\":{\"@type\":\"EntryPoint\",\"urlTemplate\":\"https:\/\/www.savoydubai.com\/de\/?s={search_term_string}\"},\"query-input\":{\"@type\":\"PropertyValueSpecification\",\"valueRequired\":true,\"valueName\":\"search_term_string\"}}],\"inLanguage\":\"de-DE\"}]}<\/script>\n<!-- \/ Yoast SEO plugin. -->","yoast_head_json":{"title":"Savoy Central - Savoy Dubai","robots":{"index":"index","follow":"follow","max-snippet":"max-snippet:-1","max-image-preview":"max-image-preview:large","max-video-preview":"max-video-preview:-1"},"canonical":"https:\/\/www.savoydubai.com\/de\/savoy-central\/","og_locale":"de_DE","og_type":"article","og_title":"Savoy Central - Savoy Dubai","og_description":"Die gut ausgestatteten Executive-Studio-Zimmer des Savoy Central Hotel Apartments im Herzen von Dubai bieten Ihnen einen Panoramablick auf die Stadt.","og_url":"https:\/\/www.savoydubai.com\/de\/savoy-central\/","og_site_name":"Savoy Dubai","article_modified_time":"2020-10-08T14:49:38+00:00","twitter_card":"summary_large_image","twitter_misc":{"Gesch\u00e4tzte Lesezeit":"1 Minute"},"schema":{"@context":"https:\/\/schema.org","@graph":[{"@type":"WebPage","@id":"https:\/\/www.savoydubai.com\/de\/savoy-central\/","url":"https:\/\/www.savoydubai.com\/de\/savoy-central\/","name":"Savoy Central - Savoy Dubai","isPartOf":{"@id":"https:\/\/www.savoydubai.com\/de\/#website"},"datePublished":"2020-07-10T09:15:44+00:00","dateModified":"2020-10-08T14:49:38+00:00","breadcrumb":{"@id":"https:\/\/www.savoydubai.com\/de\/savoy-central\/#breadcrumb"},"inLanguage":"de-DE","potentialAction":[{"@type":"ReadAction","target":["https:\/\/www.savoydubai.com\/de\/savoy-central\/"]}]},{"@type":"BreadcrumbList","@id":"https:\/\/www.savoydubai.com\/de\/savoy-central\/#breadcrumb","itemListElement":[{"@type":"ListItem","position":1,"name":"Home","item":"https:\/\/www.savoydubai.com\/de\/"},{"@type":"ListItem","position":2,"name":"Savoy Central"}]},{"@type":"WebSite","@id":"https:\/\/www.savoydubai.com\/de\/#website","url":"https:\/\/www.savoydubai.com\/de\/","name":"Savoy Dubai","description":"Just another ms.decms.eu site","potentialAction":[{"@type":"SearchAction","target":{"@type":"EntryPoint","urlTemplate":"https:\/\/www.savoydubai.com\/de\/?s={search_term_string}"},"query-input":{"@type":"PropertyValueSpecification","valueRequired":true,"valueName":"search_term_string"}}],"inLanguage":"de-DE"}]}},"acf":[],"_links":{"self":[{"href":"https:\/\/www.savoydubai.com\/de\/wp-json\/wp\/v2\/pages\/440","targetHints":{"allow":["GET"]}}],"collection":[{"href":"https:\/\/www.savoydubai.com\/de\/wp-json\/wp\/v2\/pages"}],"about":[{"href":"https:\/\/www.savoydubai.com\/de\/wp-json\/wp\/v2\/types\/page"}],"author":[{"embeddable":true,"href":"https:\/\/www.savoydubai.com\/de\/wp-json\/wp\/v2\/users\/36"}],"replies":[{"embeddable":true,"href":"https:\/\/www.savoydubai.com\/de\/wp-json\/wp\/v2\/comments?post=440"}],"version-history":[{"count":0,"href":"https:\/\/www.savoydubai.com\/de\/wp-json\/wp\/v2\/pages\/440\/revisions"}],"wp:attachment":[{"href":"https:\/\/www.savoydubai.com\/de\/wp-json\/wp\/v2\/media?parent=440"}],"curies":[{"name":"wp","href":"https:\/\/api.w.org\/{rel}","templated":true}]}}