{"id":434,"date":"2020-07-06T08:18:49","date_gmt":"2020-07-06T08:18:49","guid":{"rendered":"http:\/\/savoy-dubai.ms.decms.eu\/savoy-crest\/unterkunft\/studio-suite\/"},"modified":"2026-04-13T09:53:13","modified_gmt":"2026-04-13T09:53:13","slug":"studio-suite","status":"publish","type":"page","link":"https:\/\/www.savoydubai.com\/de\/savoy-crest\/unterkuenfte\/studio-suite\/","title":{"rendered":"Studio Suite"},"content":{"rendered":"<p>Die Studio-Hotel-Apartments des Savoy Crest in Bur Dubai bieten ein anspruchsvolles Studiozimmer, das auf h\u00f6chsten Komfort und Stil ausgelegt ist und sich perfekt f\u00fcr Langzeiturlauber und Gesch\u00e4ftsreisende eignet.<\/p>\n<p>Diese modernen Zimmer verf\u00fcgen \u00fcber kostenloses WLAN-Highspeed-Internet, damit Sie immer in Verbindung bleiben k\u00f6nnen, einen Flachbild-Mehrkanalfernseher f\u00fcr die Unterhaltung, einen Sitzbereich mit einem gem\u00fctlichen Schlafsofa zum Entspannen und einen eleganten Schreibtisch, an dem Sie Ihre Arbeit bequem erledigen k\u00f6nnen. Ein elektronisches Schlie\u00dffach zur Aufbewahrung Ihrer Wertsachen steht in jedem Kleiderschrank zur Verf\u00fcgung. Von einer voll funktionsf\u00e4higen und voll ausgestatteten Kochnische bis hin zu W\u00e4schem\u00f6glichkeiten, einem B\u00fcgeleisen und einem B\u00fcgelbrett ist alles vorhanden, um Ihren Aufenthalt so angenehm und bequem wie m\u00f6glich zu gestalten, sodass sie sich ganz wie zu Hause f\u00fchlen k\u00f6nnen.<\/p>\n","protected":false},"excerpt":{"rendered":"<p>Die Studio-Hotel-Apartments des Savoy Crest in Bur Dubai bieten ein anspruchsvolles Studiozimmer, das auf h\u00f6chsten Komfort und Stil ausgelegt ist und sich perfekt f\u00fcr Langzeiturlauber und Gesch\u00e4ftsreisende eignet. Diese modernen Zimmer verf\u00fcgen \u00fcber kostenloses WLAN-Highspeed-Internet, damit Sie immer in Verbindung bleiben k\u00f6nnen, einen Flachbild-Mehrkanalfernseher f\u00fcr die Unterhaltung, einen Sitzbereich mit einem gem\u00fctlichen Schlafsofa zum Entspannen [&hellip;]<\/p>\n","protected":false},"author":17,"featured_media":0,"parent":300,"menu_order":5,"comment_status":"closed","ping_status":"closed","template":"template-hotel-single-room.php","meta":{"footnotes":""},"class_list":["post-434","page","type-page","status-publish","hentry"],"yoast_head":"<!-- This site is optimized with the Yoast SEO plugin v26.9 - https:\/\/yoast.com\/product\/yoast-seo-wordpress\/ -->\n<title>Studio Suite - Savoy Dubai<\/title>\n<meta name=\"robots\" content=\"index, follow, max-snippet:-1, max-image-preview:large, max-video-preview:-1\" \/>\n<link rel=\"canonical\" href=\"https:\/\/www.savoydubai.com\/de\/savoy-crest\/unterkuenfte\/studio-suite\/\" \/>\n<meta property=\"og:locale\" content=\"de_DE\" \/>\n<meta property=\"og:type\" content=\"article\" \/>\n<meta property=\"og:title\" content=\"Studio Suite - Savoy Dubai\" \/>\n<meta property=\"og:description\" content=\"Die Studio-Hotel-Apartments des Savoy Crest in Bur Dubai bieten ein anspruchsvolles Studiozimmer, das auf h\u00f6chsten Komfort und Stil ausgelegt ist und sich perfekt f\u00fcr Langzeiturlauber und Gesch\u00e4ftsreisende eignet. Diese modernen Zimmer verf\u00fcgen \u00fcber kostenloses WLAN-Highspeed-Internet, damit Sie immer in Verbindung bleiben k\u00f6nnen, einen Flachbild-Mehrkanalfernseher f\u00fcr die Unterhaltung, einen Sitzbereich mit einem gem\u00fctlichen Schlafsofa zum Entspannen [&hellip;]\" \/>\n<meta property=\"og:url\" content=\"https:\/\/www.savoydubai.com\/de\/savoy-crest\/unterkuenfte\/studio-suite\/\" \/>\n<meta property=\"og:site_name\" content=\"Savoy Dubai\" \/>\n<meta property=\"article:modified_time\" content=\"2026-04-13T09:53:13+00:00\" \/>\n<meta name=\"twitter:card\" content=\"summary_large_image\" \/>\n<meta name=\"twitter:label1\" content=\"Gesch\u00e4tzte Lesezeit\" \/>\n\t<meta name=\"twitter:data1\" content=\"1 Minute\" \/>\n<script type=\"application\/ld+json\" class=\"yoast-schema-graph\">{\"@context\":\"https:\/\/schema.org\",\"@graph\":[{\"@type\":\"WebPage\",\"@id\":\"https:\/\/www.savoydubai.com\/de\/savoy-crest\/unterkuenfte\/studio-suite\/\",\"url\":\"https:\/\/www.savoydubai.com\/de\/savoy-crest\/unterkuenfte\/studio-suite\/\",\"name\":\"Studio Suite - Savoy Dubai\",\"isPartOf\":{\"@id\":\"https:\/\/www.savoydubai.com\/de\/#website\"},\"datePublished\":\"2020-07-06T08:18:49+00:00\",\"dateModified\":\"2026-04-13T09:53:13+00:00\",\"breadcrumb\":{\"@id\":\"https:\/\/www.savoydubai.com\/de\/savoy-crest\/unterkuenfte\/studio-suite\/#breadcrumb\"},\"inLanguage\":\"de-DE\",\"potentialAction\":[{\"@type\":\"ReadAction\",\"target\":[\"https:\/\/www.savoydubai.com\/de\/savoy-crest\/unterkuenfte\/studio-suite\/\"]}]},{\"@type\":\"BreadcrumbList\",\"@id\":\"https:\/\/www.savoydubai.com\/de\/savoy-crest\/unterkuenfte\/studio-suite\/#breadcrumb\",\"itemListElement\":[{\"@type\":\"ListItem\",\"position\":1,\"name\":\"Home\",\"item\":\"https:\/\/www.savoydubai.com\/de\/\"},{\"@type\":\"ListItem\",\"position\":2,\"name\":\"Savoy Crest\",\"item\":\"https:\/\/www.savoydubai.com\/de\/savoy-crest\/\"},{\"@type\":\"ListItem\",\"position\":3,\"name\":\"Unterk\u00fcnfte\",\"item\":\"https:\/\/www.savoydubai.com\/de\/savoy-crest\/unterkuenfte\/\"},{\"@type\":\"ListItem\",\"position\":4,\"name\":\"Studio Suite\"}]},{\"@type\":\"WebSite\",\"@id\":\"https:\/\/www.savoydubai.com\/de\/#website\",\"url\":\"https:\/\/www.savoydubai.com\/de\/\",\"name\":\"Savoy Dubai\",\"description\":\"Just another ms.decms.eu site\",\"potentialAction\":[{\"@type\":\"SearchAction\",\"target\":{\"@type\":\"EntryPoint\",\"urlTemplate\":\"https:\/\/www.savoydubai.com\/de\/?s={search_term_string}\"},\"query-input\":{\"@type\":\"PropertyValueSpecification\",\"valueRequired\":true,\"valueName\":\"search_term_string\"}}],\"inLanguage\":\"de-DE\"}]}<\/script>\n<!-- \/ Yoast SEO plugin. -->","yoast_head_json":{"title":"Studio Suite - Savoy Dubai","robots":{"index":"index","follow":"follow","max-snippet":"max-snippet:-1","max-image-preview":"max-image-preview:large","max-video-preview":"max-video-preview:-1"},"canonical":"https:\/\/www.savoydubai.com\/de\/savoy-crest\/unterkuenfte\/studio-suite\/","og_locale":"de_DE","og_type":"article","og_title":"Studio Suite - Savoy Dubai","og_description":"Die Studio-Hotel-Apartments des Savoy Crest in Bur Dubai bieten ein anspruchsvolles Studiozimmer, das auf h\u00f6chsten Komfort und Stil ausgelegt ist und sich perfekt f\u00fcr Langzeiturlauber und Gesch\u00e4ftsreisende eignet. Diese modernen Zimmer verf\u00fcgen \u00fcber kostenloses WLAN-Highspeed-Internet, damit Sie immer in Verbindung bleiben k\u00f6nnen, einen Flachbild-Mehrkanalfernseher f\u00fcr die Unterhaltung, einen Sitzbereich mit einem gem\u00fctlichen Schlafsofa zum Entspannen [&hellip;]","og_url":"https:\/\/www.savoydubai.com\/de\/savoy-crest\/unterkuenfte\/studio-suite\/","og_site_name":"Savoy Dubai","article_modified_time":"2026-04-13T09:53:13+00:00","twitter_card":"summary_large_image","twitter_misc":{"Gesch\u00e4tzte Lesezeit":"1 Minute"},"schema":{"@context":"https:\/\/schema.org","@graph":[{"@type":"WebPage","@id":"https:\/\/www.savoydubai.com\/de\/savoy-crest\/unterkuenfte\/studio-suite\/","url":"https:\/\/www.savoydubai.com\/de\/savoy-crest\/unterkuenfte\/studio-suite\/","name":"Studio Suite - Savoy Dubai","isPartOf":{"@id":"https:\/\/www.savoydubai.com\/de\/#website"},"datePublished":"2020-07-06T08:18:49+00:00","dateModified":"2026-04-13T09:53:13+00:00","breadcrumb":{"@id":"https:\/\/www.savoydubai.com\/de\/savoy-crest\/unterkuenfte\/studio-suite\/#breadcrumb"},"inLanguage":"de-DE","potentialAction":[{"@type":"ReadAction","target":["https:\/\/www.savoydubai.com\/de\/savoy-crest\/unterkuenfte\/studio-suite\/"]}]},{"@type":"BreadcrumbList","@id":"https:\/\/www.savoydubai.com\/de\/savoy-crest\/unterkuenfte\/studio-suite\/#breadcrumb","itemListElement":[{"@type":"ListItem","position":1,"name":"Home","item":"https:\/\/www.savoydubai.com\/de\/"},{"@type":"ListItem","position":2,"name":"Savoy Crest","item":"https:\/\/www.savoydubai.com\/de\/savoy-crest\/"},{"@type":"ListItem","position":3,"name":"Unterk\u00fcnfte","item":"https:\/\/www.savoydubai.com\/de\/savoy-crest\/unterkuenfte\/"},{"@type":"ListItem","position":4,"name":"Studio Suite"}]},{"@type":"WebSite","@id":"https:\/\/www.savoydubai.com\/de\/#website","url":"https:\/\/www.savoydubai.com\/de\/","name":"Savoy Dubai","description":"Just another ms.decms.eu site","potentialAction":[{"@type":"SearchAction","target":{"@type":"EntryPoint","urlTemplate":"https:\/\/www.savoydubai.com\/de\/?s={search_term_string}"},"query-input":{"@type":"PropertyValueSpecification","valueRequired":true,"valueName":"search_term_string"}}],"inLanguage":"de-DE"}]}},"acf":[],"_links":{"self":[{"href":"https:\/\/www.savoydubai.com\/de\/wp-json\/wp\/v2\/pages\/434","targetHints":{"allow":["GET"]}}],"collection":[{"href":"https:\/\/www.savoydubai.com\/de\/wp-json\/wp\/v2\/pages"}],"about":[{"href":"https:\/\/www.savoydubai.com\/de\/wp-json\/wp\/v2\/types\/page"}],"author":[{"embeddable":true,"href":"https:\/\/www.savoydubai.com\/de\/wp-json\/wp\/v2\/users\/17"}],"replies":[{"embeddable":true,"href":"https:\/\/www.savoydubai.com\/de\/wp-json\/wp\/v2\/comments?post=434"}],"version-history":[{"count":0,"href":"https:\/\/www.savoydubai.com\/de\/wp-json\/wp\/v2\/pages\/434\/revisions"}],"up":[{"embeddable":true,"href":"https:\/\/www.savoydubai.com\/de\/wp-json\/wp\/v2\/pages\/300"}],"wp:attachment":[{"href":"https:\/\/www.savoydubai.com\/de\/wp-json\/wp\/v2\/media?parent=434"}],"curies":[{"name":"wp","href":"https:\/\/api.w.org\/{rel}","templated":true}]}}