{"id":355,"date":"2020-07-09T15:15:29","date_gmt":"2020-07-09T15:15:29","guid":{"rendered":"http:\/\/savoy-dubai.ms.decms.eu\/?page_id=355"},"modified":"2022-02-18T11:12:35","modified_gmt":"2022-02-18T11:12:35","slug":"lage","status":"publish","type":"page","link":"https:\/\/www.savoydubai.com\/de\/savoy-suites\/lage\/","title":{"rendered":"Lage"},"content":{"rendered":"<p>Das Savoy Suites Hotel Apartments befindet sich im Herzen der pulsierenden Stadt Dubai. Mit seiner Lage in Mankhool Bur Dubai ist es das am g\u00fcnstigsten gelegene Hotel der Savoy-Gruppe und erm\u00f6glicht optimalen Reisekomfort. Es ist das n\u00e4chstgelegene Savoy-Hotel zum internationalen Flughafen von Dubai \u2013 nur 9\u00a0km entfernt \u2013 und befindet sich in der k\u00fcrzesten Entfernung zu Einkaufszentren und mehreren U-Bahn-Haltestellen. BurJuman, die U-Bahn-Haltestelle der roten Linie, und das Einkaufszentrum BurJuman sind 9 Minuten und die Al Fahidi, U-Bahn-Haltestelle der gr\u00fcnen Linie, ist nur 7 Minuten vom Hotel entfernt.<\/p>\n<p>Vom Savoy Suites aus k\u00f6nnen Sie ganz einfach die gesch\u00e4ftigen Stra\u00dfen dieser beliebten Stadt erkunden, da Sie alle Sehensw\u00fcrdigkeiten zu Fu\u00df oder in wenigen Fahrminuten erreichen k\u00f6nnen. Zum Einkaufszentrum Al Rais gelangen Sie zu Fu\u00df in 5 Minuten. Von hier aus k\u00f6nnen Sie nach dem Shopping eine Mahlzeit in einem der vielen nahegelegenen Restaurants genie\u00dfen. Die ber\u00fchmten Wolkenkratzer an der Sheikh Zayed Road und bedeutende Sehensw\u00fcrdigkeiten wie der Burj Khalifa sind etwas entfernter gelegen, k\u00f6nnen aber dank des bequemen Zugangs zu den \u00f6ffentlichen Verkehrsmittels ebenfalls leicht vom Savoy Suites aus erreicht werden.<\/p>\n<p>W\u00e4hrend eines Aufenthalts in Dubai sollten Sie sich auch einen Besuch des Strands \u201eLa Mer\u201c in Jumeirah nicht entgehen lassen, der nur 14 Fahrminuten vom Hotel entfernt liegt. Das Hotel bietet eine kostenlose Busverbindung; Strandmatten und Badehandt\u00fccher werden allen G\u00e4sten im Bus kostenlos zur Verf\u00fcgung gestellt.<\/p>\n<p>Taxis mit Taxameter sind vom Hotel aus leicht verf\u00fcgbar und Sie k\u00f6nnen in unmittelbarer N\u00e4he des Hotels auch RTA-Busse und U-Bahnen nutzen.<\/p>\n","protected":false},"excerpt":{"rendered":"<p>Das Savoy Suites Hotel Apartments befindet sich im Herzen der pulsierenden Stadt Dubai. Mit seiner Lage in Mankhool Bur Dubai ist es das am g\u00fcnstigsten gelegene Hotel der Savoy-Gruppe und erm\u00f6glicht optimalen Reisekomfort. Es ist das n\u00e4chstgelegene Savoy-Hotel zum internationalen Flughafen von Dubai \u2013 nur 9\u00a0km entfernt \u2013 und befindet sich in der k\u00fcrzesten Entfernung [&hellip;]<\/p>\n","protected":false},"author":36,"featured_media":0,"parent":287,"menu_order":30,"comment_status":"closed","ping_status":"closed","template":"template-hotel-location.php","meta":{"footnotes":""},"class_list":["post-355","page","type-page","status-publish","hentry"],"yoast_head":"<!-- This site is optimized with the Yoast SEO plugin v26.9 - https:\/\/yoast.com\/product\/yoast-seo-wordpress\/ -->\n<title>Lage - Savoy Dubai<\/title>\n<meta name=\"robots\" content=\"index, follow, max-snippet:-1, max-image-preview:large, max-video-preview:-1\" \/>\n<link rel=\"canonical\" href=\"https:\/\/www.savoydubai.com\/de\/savoy-suites\/lage\/\" \/>\n<meta property=\"og:locale\" content=\"de_DE\" \/>\n<meta property=\"og:type\" content=\"article\" \/>\n<meta property=\"og:title\" content=\"Lage - Savoy Dubai\" \/>\n<meta property=\"og:description\" content=\"Das Savoy Suites Hotel Apartments befindet sich im Herzen der pulsierenden Stadt Dubai. Mit seiner Lage in Mankhool Bur Dubai ist es das am g\u00fcnstigsten gelegene Hotel der Savoy-Gruppe und erm\u00f6glicht optimalen Reisekomfort. Es ist das n\u00e4chstgelegene Savoy-Hotel zum internationalen Flughafen von Dubai \u2013 nur 9\u00a0km entfernt \u2013 und befindet sich in der k\u00fcrzesten Entfernung [&hellip;]\" \/>\n<meta property=\"og:url\" content=\"https:\/\/www.savoydubai.com\/de\/savoy-suites\/lage\/\" \/>\n<meta property=\"og:site_name\" content=\"Savoy Dubai\" \/>\n<meta property=\"article:modified_time\" content=\"2022-02-18T11:12:35+00:00\" \/>\n<meta name=\"twitter:card\" content=\"summary_large_image\" \/>\n<meta name=\"twitter:label1\" content=\"Gesch\u00e4tzte Lesezeit\" \/>\n\t<meta name=\"twitter:data1\" content=\"1 Minute\" \/>\n<script type=\"application\/ld+json\" class=\"yoast-schema-graph\">{\"@context\":\"https:\/\/schema.org\",\"@graph\":[{\"@type\":\"WebPage\",\"@id\":\"https:\/\/www.savoydubai.com\/de\/savoy-suites\/lage\/\",\"url\":\"https:\/\/www.savoydubai.com\/de\/savoy-suites\/lage\/\",\"name\":\"Lage - Savoy Dubai\",\"isPartOf\":{\"@id\":\"https:\/\/www.savoydubai.com\/de\/#website\"},\"datePublished\":\"2020-07-09T15:15:29+00:00\",\"dateModified\":\"2022-02-18T11:12:35+00:00\",\"breadcrumb\":{\"@id\":\"https:\/\/www.savoydubai.com\/de\/savoy-suites\/lage\/#breadcrumb\"},\"inLanguage\":\"de-DE\",\"potentialAction\":[{\"@type\":\"ReadAction\",\"target\":[\"https:\/\/www.savoydubai.com\/de\/savoy-suites\/lage\/\"]}]},{\"@type\":\"BreadcrumbList\",\"@id\":\"https:\/\/www.savoydubai.com\/de\/savoy-suites\/lage\/#breadcrumb\",\"itemListElement\":[{\"@type\":\"ListItem\",\"position\":1,\"name\":\"Home\",\"item\":\"https:\/\/www.savoydubai.com\/de\/\"},{\"@type\":\"ListItem\",\"position\":2,\"name\":\"Savoy Suites\",\"item\":\"https:\/\/www.savoydubai.com\/de\/savoy-suites\/\"},{\"@type\":\"ListItem\",\"position\":3,\"name\":\"Lage\"}]},{\"@type\":\"WebSite\",\"@id\":\"https:\/\/www.savoydubai.com\/de\/#website\",\"url\":\"https:\/\/www.savoydubai.com\/de\/\",\"name\":\"Savoy Dubai\",\"description\":\"Just another ms.decms.eu site\",\"potentialAction\":[{\"@type\":\"SearchAction\",\"target\":{\"@type\":\"EntryPoint\",\"urlTemplate\":\"https:\/\/www.savoydubai.com\/de\/?s={search_term_string}\"},\"query-input\":{\"@type\":\"PropertyValueSpecification\",\"valueRequired\":true,\"valueName\":\"search_term_string\"}}],\"inLanguage\":\"de-DE\"}]}<\/script>\n<!-- \/ Yoast SEO plugin. -->","yoast_head_json":{"title":"Lage - Savoy Dubai","robots":{"index":"index","follow":"follow","max-snippet":"max-snippet:-1","max-image-preview":"max-image-preview:large","max-video-preview":"max-video-preview:-1"},"canonical":"https:\/\/www.savoydubai.com\/de\/savoy-suites\/lage\/","og_locale":"de_DE","og_type":"article","og_title":"Lage - Savoy Dubai","og_description":"Das Savoy Suites Hotel Apartments befindet sich im Herzen der pulsierenden Stadt Dubai. Mit seiner Lage in Mankhool Bur Dubai ist es das am g\u00fcnstigsten gelegene Hotel der Savoy-Gruppe und erm\u00f6glicht optimalen Reisekomfort. Es ist das n\u00e4chstgelegene Savoy-Hotel zum internationalen Flughafen von Dubai \u2013 nur 9\u00a0km entfernt \u2013 und befindet sich in der k\u00fcrzesten Entfernung [&hellip;]","og_url":"https:\/\/www.savoydubai.com\/de\/savoy-suites\/lage\/","og_site_name":"Savoy Dubai","article_modified_time":"2022-02-18T11:12:35+00:00","twitter_card":"summary_large_image","twitter_misc":{"Gesch\u00e4tzte Lesezeit":"1 Minute"},"schema":{"@context":"https:\/\/schema.org","@graph":[{"@type":"WebPage","@id":"https:\/\/www.savoydubai.com\/de\/savoy-suites\/lage\/","url":"https:\/\/www.savoydubai.com\/de\/savoy-suites\/lage\/","name":"Lage - Savoy Dubai","isPartOf":{"@id":"https:\/\/www.savoydubai.com\/de\/#website"},"datePublished":"2020-07-09T15:15:29+00:00","dateModified":"2022-02-18T11:12:35+00:00","breadcrumb":{"@id":"https:\/\/www.savoydubai.com\/de\/savoy-suites\/lage\/#breadcrumb"},"inLanguage":"de-DE","potentialAction":[{"@type":"ReadAction","target":["https:\/\/www.savoydubai.com\/de\/savoy-suites\/lage\/"]}]},{"@type":"BreadcrumbList","@id":"https:\/\/www.savoydubai.com\/de\/savoy-suites\/lage\/#breadcrumb","itemListElement":[{"@type":"ListItem","position":1,"name":"Home","item":"https:\/\/www.savoydubai.com\/de\/"},{"@type":"ListItem","position":2,"name":"Savoy Suites","item":"https:\/\/www.savoydubai.com\/de\/savoy-suites\/"},{"@type":"ListItem","position":3,"name":"Lage"}]},{"@type":"WebSite","@id":"https:\/\/www.savoydubai.com\/de\/#website","url":"https:\/\/www.savoydubai.com\/de\/","name":"Savoy Dubai","description":"Just another ms.decms.eu site","potentialAction":[{"@type":"SearchAction","target":{"@type":"EntryPoint","urlTemplate":"https:\/\/www.savoydubai.com\/de\/?s={search_term_string}"},"query-input":{"@type":"PropertyValueSpecification","valueRequired":true,"valueName":"search_term_string"}}],"inLanguage":"de-DE"}]}},"acf":[],"_links":{"self":[{"href":"https:\/\/www.savoydubai.com\/de\/wp-json\/wp\/v2\/pages\/355","targetHints":{"allow":["GET"]}}],"collection":[{"href":"https:\/\/www.savoydubai.com\/de\/wp-json\/wp\/v2\/pages"}],"about":[{"href":"https:\/\/www.savoydubai.com\/de\/wp-json\/wp\/v2\/types\/page"}],"author":[{"embeddable":true,"href":"https:\/\/www.savoydubai.com\/de\/wp-json\/wp\/v2\/users\/36"}],"replies":[{"embeddable":true,"href":"https:\/\/www.savoydubai.com\/de\/wp-json\/wp\/v2\/comments?post=355"}],"version-history":[{"count":0,"href":"https:\/\/www.savoydubai.com\/de\/wp-json\/wp\/v2\/pages\/355\/revisions"}],"up":[{"embeddable":true,"href":"https:\/\/www.savoydubai.com\/de\/wp-json\/wp\/v2\/pages\/287"}],"wp:attachment":[{"href":"https:\/\/www.savoydubai.com\/de\/wp-json\/wp\/v2\/media?parent=355"}],"curies":[{"name":"wp","href":"https:\/\/api.w.org\/{rel}","templated":true}]}}