{"id":342,"date":"2020-07-06T08:18:23","date_gmt":"2020-07-06T08:18:23","guid":{"rendered":"http:\/\/savoy-dubai.ms.decms.eu\/savoy-crest\/unterkunft\/two-bedroom-interconnecting\/"},"modified":"2020-10-20T13:10:35","modified_gmt":"2020-10-20T13:10:35","slug":"miteinander-verbundene-schlafzimmer","status":"publish","type":"page","link":"https:\/\/www.savoydubai.com\/de\/savoy-crest\/unterkuenfte\/miteinander-verbundene-schlafzimmer\/","title":{"rendered":"Miteinander Verbundene Schlafzimmer"},"content":{"rendered":"<p>Unser luxuri\u00f6ses Boutique-Hotel in Dubai bietet seinen G\u00e4sten die Option eines Hotel-Apartments mit zwei Schlafzimmern in Bur Dubai, das ein Schlafzimmer mit einem Studio und einer Studio-Suite verbindet und sich perfekt f\u00fcr Familien und Langzeitg\u00e4ste eignet, die in einem wundersch\u00f6nen Raum mit all dem modernen Komfort von zu Hause \u00fcbernachten m\u00f6chten.<\/p>\n<p><strong>Moderne Ausstattung<\/strong><\/p>\n<p>Die miteinander verbundenen Apartments mit zwei Schlafzimmern verf\u00fcgen \u00fcber eine voll ausgestattete K\u00fcche und einen Waschraum. Alle Zimmer sind so gestaltet, dass Sie sich in Ihrer entspannenden und modernen Unterkunft ganz wie zu Hause f\u00fchlen. Sie k\u00f6nnen sich auch in dem modernen und stilvollen Wohnbereich mit 2 zus\u00e4tzlichen Schlafsofas entspannen, die mit einem gro\u00dfen Fernseher, kostenlosem WLAN-Highspeed-Internet und einem separaten Familienesstisch ausgestattet sind<\/p>\n","protected":false},"excerpt":{"rendered":"<p>Unser luxuri\u00f6ses Boutique-Hotel in Dubai bietet seinen G\u00e4sten die Option eines Hotel-Apartments mit zwei Schlafzimmern in Bur Dubai, das ein Schlafzimmer mit einem Studio und einer Studio-Suite verbindet und sich perfekt f\u00fcr Familien und Langzeitg\u00e4ste eignet, die in einem wundersch\u00f6nen Raum mit all dem modernen Komfort von zu Hause \u00fcbernachten m\u00f6chten. Moderne Ausstattung Die miteinander [&hellip;]<\/p>\n","protected":false},"author":17,"featured_media":0,"parent":300,"menu_order":15,"comment_status":"closed","ping_status":"closed","template":"template-hotel-single-room.php","meta":{"footnotes":""},"class_list":["post-342","page","type-page","status-publish","hentry"],"yoast_head":"<!-- This site is optimized with the Yoast SEO plugin v26.9 - https:\/\/yoast.com\/product\/yoast-seo-wordpress\/ -->\n<title>Miteinander Verbundene Schlafzimmer - Savoy Dubai<\/title>\n<meta name=\"robots\" content=\"index, follow, max-snippet:-1, max-image-preview:large, max-video-preview:-1\" \/>\n<link rel=\"canonical\" href=\"https:\/\/www.savoydubai.com\/de\/savoy-crest\/unterkuenfte\/miteinander-verbundene-schlafzimmer\/\" \/>\n<meta property=\"og:locale\" content=\"de_DE\" \/>\n<meta property=\"og:type\" content=\"article\" \/>\n<meta property=\"og:title\" content=\"Miteinander Verbundene Schlafzimmer - Savoy Dubai\" \/>\n<meta property=\"og:description\" content=\"Unser luxuri\u00f6ses Boutique-Hotel in Dubai bietet seinen G\u00e4sten die Option eines Hotel-Apartments mit zwei Schlafzimmern in Bur Dubai, das ein Schlafzimmer mit einem Studio und einer Studio-Suite verbindet und sich perfekt f\u00fcr Familien und Langzeitg\u00e4ste eignet, die in einem wundersch\u00f6nen Raum mit all dem modernen Komfort von zu Hause \u00fcbernachten m\u00f6chten. Moderne Ausstattung Die miteinander [&hellip;]\" \/>\n<meta property=\"og:url\" content=\"https:\/\/www.savoydubai.com\/de\/savoy-crest\/unterkuenfte\/miteinander-verbundene-schlafzimmer\/\" \/>\n<meta property=\"og:site_name\" content=\"Savoy Dubai\" \/>\n<meta property=\"article:modified_time\" content=\"2020-10-20T13:10:35+00:00\" \/>\n<meta name=\"twitter:card\" content=\"summary_large_image\" \/>\n<meta name=\"twitter:label1\" content=\"Gesch\u00e4tzte Lesezeit\" \/>\n\t<meta name=\"twitter:data1\" content=\"1 Minute\" \/>\n<script type=\"application\/ld+json\" class=\"yoast-schema-graph\">{\"@context\":\"https:\/\/schema.org\",\"@graph\":[{\"@type\":\"WebPage\",\"@id\":\"https:\/\/www.savoydubai.com\/de\/savoy-crest\/unterkuenfte\/miteinander-verbundene-schlafzimmer\/\",\"url\":\"https:\/\/www.savoydubai.com\/de\/savoy-crest\/unterkuenfte\/miteinander-verbundene-schlafzimmer\/\",\"name\":\"Miteinander Verbundene Schlafzimmer - Savoy Dubai\",\"isPartOf\":{\"@id\":\"https:\/\/www.savoydubai.com\/de\/#website\"},\"datePublished\":\"2020-07-06T08:18:23+00:00\",\"dateModified\":\"2020-10-20T13:10:35+00:00\",\"breadcrumb\":{\"@id\":\"https:\/\/www.savoydubai.com\/de\/savoy-crest\/unterkuenfte\/miteinander-verbundene-schlafzimmer\/#breadcrumb\"},\"inLanguage\":\"de-DE\",\"potentialAction\":[{\"@type\":\"ReadAction\",\"target\":[\"https:\/\/www.savoydubai.com\/de\/savoy-crest\/unterkuenfte\/miteinander-verbundene-schlafzimmer\/\"]}]},{\"@type\":\"BreadcrumbList\",\"@id\":\"https:\/\/www.savoydubai.com\/de\/savoy-crest\/unterkuenfte\/miteinander-verbundene-schlafzimmer\/#breadcrumb\",\"itemListElement\":[{\"@type\":\"ListItem\",\"position\":1,\"name\":\"Home\",\"item\":\"https:\/\/www.savoydubai.com\/de\/\"},{\"@type\":\"ListItem\",\"position\":2,\"name\":\"Savoy Crest\",\"item\":\"https:\/\/www.savoydubai.com\/de\/savoy-crest\/\"},{\"@type\":\"ListItem\",\"position\":3,\"name\":\"Unterk\u00fcnfte\",\"item\":\"https:\/\/www.savoydubai.com\/de\/savoy-crest\/unterkuenfte\/\"},{\"@type\":\"ListItem\",\"position\":4,\"name\":\"Miteinander Verbundene Schlafzimmer\"}]},{\"@type\":\"WebSite\",\"@id\":\"https:\/\/www.savoydubai.com\/de\/#website\",\"url\":\"https:\/\/www.savoydubai.com\/de\/\",\"name\":\"Savoy Dubai\",\"description\":\"Just another ms.decms.eu site\",\"potentialAction\":[{\"@type\":\"SearchAction\",\"target\":{\"@type\":\"EntryPoint\",\"urlTemplate\":\"https:\/\/www.savoydubai.com\/de\/?s={search_term_string}\"},\"query-input\":{\"@type\":\"PropertyValueSpecification\",\"valueRequired\":true,\"valueName\":\"search_term_string\"}}],\"inLanguage\":\"de-DE\"}]}<\/script>\n<!-- \/ Yoast SEO plugin. -->","yoast_head_json":{"title":"Miteinander Verbundene Schlafzimmer - Savoy Dubai","robots":{"index":"index","follow":"follow","max-snippet":"max-snippet:-1","max-image-preview":"max-image-preview:large","max-video-preview":"max-video-preview:-1"},"canonical":"https:\/\/www.savoydubai.com\/de\/savoy-crest\/unterkuenfte\/miteinander-verbundene-schlafzimmer\/","og_locale":"de_DE","og_type":"article","og_title":"Miteinander Verbundene Schlafzimmer - Savoy Dubai","og_description":"Unser luxuri\u00f6ses Boutique-Hotel in Dubai bietet seinen G\u00e4sten die Option eines Hotel-Apartments mit zwei Schlafzimmern in Bur Dubai, das ein Schlafzimmer mit einem Studio und einer Studio-Suite verbindet und sich perfekt f\u00fcr Familien und Langzeitg\u00e4ste eignet, die in einem wundersch\u00f6nen Raum mit all dem modernen Komfort von zu Hause \u00fcbernachten m\u00f6chten. Moderne Ausstattung Die miteinander [&hellip;]","og_url":"https:\/\/www.savoydubai.com\/de\/savoy-crest\/unterkuenfte\/miteinander-verbundene-schlafzimmer\/","og_site_name":"Savoy Dubai","article_modified_time":"2020-10-20T13:10:35+00:00","twitter_card":"summary_large_image","twitter_misc":{"Gesch\u00e4tzte Lesezeit":"1 Minute"},"schema":{"@context":"https:\/\/schema.org","@graph":[{"@type":"WebPage","@id":"https:\/\/www.savoydubai.com\/de\/savoy-crest\/unterkuenfte\/miteinander-verbundene-schlafzimmer\/","url":"https:\/\/www.savoydubai.com\/de\/savoy-crest\/unterkuenfte\/miteinander-verbundene-schlafzimmer\/","name":"Miteinander Verbundene Schlafzimmer - Savoy Dubai","isPartOf":{"@id":"https:\/\/www.savoydubai.com\/de\/#website"},"datePublished":"2020-07-06T08:18:23+00:00","dateModified":"2020-10-20T13:10:35+00:00","breadcrumb":{"@id":"https:\/\/www.savoydubai.com\/de\/savoy-crest\/unterkuenfte\/miteinander-verbundene-schlafzimmer\/#breadcrumb"},"inLanguage":"de-DE","potentialAction":[{"@type":"ReadAction","target":["https:\/\/www.savoydubai.com\/de\/savoy-crest\/unterkuenfte\/miteinander-verbundene-schlafzimmer\/"]}]},{"@type":"BreadcrumbList","@id":"https:\/\/www.savoydubai.com\/de\/savoy-crest\/unterkuenfte\/miteinander-verbundene-schlafzimmer\/#breadcrumb","itemListElement":[{"@type":"ListItem","position":1,"name":"Home","item":"https:\/\/www.savoydubai.com\/de\/"},{"@type":"ListItem","position":2,"name":"Savoy Crest","item":"https:\/\/www.savoydubai.com\/de\/savoy-crest\/"},{"@type":"ListItem","position":3,"name":"Unterk\u00fcnfte","item":"https:\/\/www.savoydubai.com\/de\/savoy-crest\/unterkuenfte\/"},{"@type":"ListItem","position":4,"name":"Miteinander Verbundene Schlafzimmer"}]},{"@type":"WebSite","@id":"https:\/\/www.savoydubai.com\/de\/#website","url":"https:\/\/www.savoydubai.com\/de\/","name":"Savoy Dubai","description":"Just another ms.decms.eu site","potentialAction":[{"@type":"SearchAction","target":{"@type":"EntryPoint","urlTemplate":"https:\/\/www.savoydubai.com\/de\/?s={search_term_string}"},"query-input":{"@type":"PropertyValueSpecification","valueRequired":true,"valueName":"search_term_string"}}],"inLanguage":"de-DE"}]}},"acf":[],"_links":{"self":[{"href":"https:\/\/www.savoydubai.com\/de\/wp-json\/wp\/v2\/pages\/342","targetHints":{"allow":["GET"]}}],"collection":[{"href":"https:\/\/www.savoydubai.com\/de\/wp-json\/wp\/v2\/pages"}],"about":[{"href":"https:\/\/www.savoydubai.com\/de\/wp-json\/wp\/v2\/types\/page"}],"author":[{"embeddable":true,"href":"https:\/\/www.savoydubai.com\/de\/wp-json\/wp\/v2\/users\/17"}],"replies":[{"embeddable":true,"href":"https:\/\/www.savoydubai.com\/de\/wp-json\/wp\/v2\/comments?post=342"}],"version-history":[{"count":0,"href":"https:\/\/www.savoydubai.com\/de\/wp-json\/wp\/v2\/pages\/342\/revisions"}],"up":[{"embeddable":true,"href":"https:\/\/www.savoydubai.com\/de\/wp-json\/wp\/v2\/pages\/300"}],"wp:attachment":[{"href":"https:\/\/www.savoydubai.com\/de\/wp-json\/wp\/v2\/media?parent=342"}],"curies":[{"name":"wp","href":"https:\/\/api.w.org\/{rel}","templated":true}]}}