{"id":338,"date":"2020-07-09T13:54:53","date_gmt":"2020-07-09T13:54:53","guid":{"rendered":"http:\/\/savoy-dubai.ms.decms.eu\/?page_id=338"},"modified":"2020-10-16T10:13:09","modified_gmt":"2020-10-16T10:13:09","slug":"dienstleistungen","status":"publish","type":"page","link":"https:\/\/www.savoydubai.com\/de\/savoy-suites\/dienstleistungen\/","title":{"rendered":"Dienstleistungen"},"content":{"rendered":"<p>Das prestigetr\u00e4chtige Savoy Suites richtet sich an anspruchsvolle Reisende und bietet Ruhe, Entspannung und Raum f\u00fcr die Arbeit und die Unterhaltung. Alle unsere Einrichtungen und Services sind darauf ausgelegt, unseren G\u00e4sten nur die besten Unterhaltungsm\u00f6glichkeiten und kulinarischen Erlebnisse zu bieten. Wenn Sie auf der Suche nach einem Hotel-Apartment in Dubai f\u00fcr einen l\u00e4ngeren Aufenthalt sind, ist das Savoy Suites genau das Richtige.<br \/>\nAlle G\u00e4ste, die in den m\u00f6blierten Apartments des Savoy Suites \u00fcbernachten, k\u00f6nnen die Freizeiteinrichtungen vor Ort nutzen, zu denen ein temperaturgeregelter Au\u00dfenpool, ein Whirlpool, eine Sauna und ein Dampfbad geh\u00f6ren. Egal, ob Sie Lust haben, kurz laufen zu gehen oder leichte Gewichten zu stemmen \u2013 das Fitnessstudio bietet Ihnen eine gro\u00dfe Palette von Ger\u00e4ten.<br \/>\nUnser ganzt\u00e4gig ge\u00f6ffneter Coffee-Shop serviert Fr\u00fchst\u00fcck und ein erlesenes \u00c0-la-carte-Men\u00fc mit mehreren Gerichten zum Mittag- und Abendessen, sodass Sie w\u00e4hrend Ihres Aufenthalts nur die besten kulinarischen Erlebnisse genie\u00dfen werden.<\/p>\n<p>F\u00fcr alle G\u00e4ste gibt es auch eine t\u00e4gliche Busverbindung vom Hotel zum nahe gelegenen Strand \u201eLa Mer\u201c in Jumeirah. Badehandt\u00fccher und Strandmatten werden allen G\u00e4sten im Bus kostenlos zur Verf\u00fcgung gestellt. Eintrittskarten f\u00fcr Vergn\u00fcgungsparks, Stadtrundfahrten und alle lokalen Sehensw\u00fcrdigkeiten sind an der Rezeption zu erm\u00e4\u00dfigten Preisen erh\u00e4ltlich.<\/p>\n<p>Im Savoy Suites haben wir daf\u00fcr gesorgt, dass alle Einrichtungen, die unsere G\u00e4ste erwarten, ihnen stets f\u00fcr ihren ultimativen Komfort und ihre Sicherheit zur Verf\u00fcgung stehen.<\/p>\n","protected":false},"excerpt":{"rendered":"<p>Das prestigetr\u00e4chtige Savoy Suites richtet sich an anspruchsvolle Reisende und bietet Ruhe, Entspannung und Raum f\u00fcr die Arbeit und die Unterhaltung. Alle unsere Einrichtungen und Services sind darauf ausgelegt, unseren G\u00e4sten nur die besten Unterhaltungsm\u00f6glichkeiten und kulinarischen Erlebnisse zu bieten. Wenn Sie auf der Suche nach einem Hotel-Apartment in Dubai f\u00fcr einen l\u00e4ngeren Aufenthalt sind, [&hellip;]<\/p>\n","protected":false},"author":36,"featured_media":0,"parent":287,"menu_order":20,"comment_status":"closed","ping_status":"closed","template":"template-hotel-services.php","meta":{"footnotes":""},"class_list":["post-338","page","type-page","status-publish","hentry"],"yoast_head":"<!-- This site is optimized with the Yoast SEO plugin v26.9 - https:\/\/yoast.com\/product\/yoast-seo-wordpress\/ -->\n<title>Dienstleistungen - Savoy Dubai<\/title>\n<meta name=\"robots\" content=\"index, follow, max-snippet:-1, max-image-preview:large, max-video-preview:-1\" \/>\n<link rel=\"canonical\" href=\"https:\/\/www.savoydubai.com\/de\/savoy-suites\/dienstleistungen\/\" \/>\n<meta property=\"og:locale\" content=\"de_DE\" \/>\n<meta property=\"og:type\" content=\"article\" \/>\n<meta property=\"og:title\" content=\"Dienstleistungen - Savoy Dubai\" \/>\n<meta property=\"og:description\" content=\"Das prestigetr\u00e4chtige Savoy Suites richtet sich an anspruchsvolle Reisende und bietet Ruhe, Entspannung und Raum f\u00fcr die Arbeit und die Unterhaltung. Alle unsere Einrichtungen und Services sind darauf ausgelegt, unseren G\u00e4sten nur die besten Unterhaltungsm\u00f6glichkeiten und kulinarischen Erlebnisse zu bieten. Wenn Sie auf der Suche nach einem Hotel-Apartment in Dubai f\u00fcr einen l\u00e4ngeren Aufenthalt sind, [&hellip;]\" \/>\n<meta property=\"og:url\" content=\"https:\/\/www.savoydubai.com\/de\/savoy-suites\/dienstleistungen\/\" \/>\n<meta property=\"og:site_name\" content=\"Savoy Dubai\" \/>\n<meta property=\"article:modified_time\" content=\"2020-10-16T10:13:09+00:00\" \/>\n<meta name=\"twitter:card\" content=\"summary_large_image\" \/>\n<meta name=\"twitter:label1\" content=\"Gesch\u00e4tzte Lesezeit\" \/>\n\t<meta name=\"twitter:data1\" content=\"1 Minute\" \/>\n<script type=\"application\/ld+json\" class=\"yoast-schema-graph\">{\"@context\":\"https:\/\/schema.org\",\"@graph\":[{\"@type\":\"WebPage\",\"@id\":\"https:\/\/www.savoydubai.com\/de\/savoy-suites\/dienstleistungen\/\",\"url\":\"https:\/\/www.savoydubai.com\/de\/savoy-suites\/dienstleistungen\/\",\"name\":\"Dienstleistungen - Savoy Dubai\",\"isPartOf\":{\"@id\":\"https:\/\/www.savoydubai.com\/de\/#website\"},\"datePublished\":\"2020-07-09T13:54:53+00:00\",\"dateModified\":\"2020-10-16T10:13:09+00:00\",\"breadcrumb\":{\"@id\":\"https:\/\/www.savoydubai.com\/de\/savoy-suites\/dienstleistungen\/#breadcrumb\"},\"inLanguage\":\"de-DE\",\"potentialAction\":[{\"@type\":\"ReadAction\",\"target\":[\"https:\/\/www.savoydubai.com\/de\/savoy-suites\/dienstleistungen\/\"]}]},{\"@type\":\"BreadcrumbList\",\"@id\":\"https:\/\/www.savoydubai.com\/de\/savoy-suites\/dienstleistungen\/#breadcrumb\",\"itemListElement\":[{\"@type\":\"ListItem\",\"position\":1,\"name\":\"Home\",\"item\":\"https:\/\/www.savoydubai.com\/de\/\"},{\"@type\":\"ListItem\",\"position\":2,\"name\":\"Savoy Suites\",\"item\":\"https:\/\/www.savoydubai.com\/de\/savoy-suites\/\"},{\"@type\":\"ListItem\",\"position\":3,\"name\":\"Dienstleistungen\"}]},{\"@type\":\"WebSite\",\"@id\":\"https:\/\/www.savoydubai.com\/de\/#website\",\"url\":\"https:\/\/www.savoydubai.com\/de\/\",\"name\":\"Savoy Dubai\",\"description\":\"Just another ms.decms.eu site\",\"potentialAction\":[{\"@type\":\"SearchAction\",\"target\":{\"@type\":\"EntryPoint\",\"urlTemplate\":\"https:\/\/www.savoydubai.com\/de\/?s={search_term_string}\"},\"query-input\":{\"@type\":\"PropertyValueSpecification\",\"valueRequired\":true,\"valueName\":\"search_term_string\"}}],\"inLanguage\":\"de-DE\"}]}<\/script>\n<!-- \/ Yoast SEO plugin. -->","yoast_head_json":{"title":"Dienstleistungen - Savoy Dubai","robots":{"index":"index","follow":"follow","max-snippet":"max-snippet:-1","max-image-preview":"max-image-preview:large","max-video-preview":"max-video-preview:-1"},"canonical":"https:\/\/www.savoydubai.com\/de\/savoy-suites\/dienstleistungen\/","og_locale":"de_DE","og_type":"article","og_title":"Dienstleistungen - Savoy Dubai","og_description":"Das prestigetr\u00e4chtige Savoy Suites richtet sich an anspruchsvolle Reisende und bietet Ruhe, Entspannung und Raum f\u00fcr die Arbeit und die Unterhaltung. Alle unsere Einrichtungen und Services sind darauf ausgelegt, unseren G\u00e4sten nur die besten Unterhaltungsm\u00f6glichkeiten und kulinarischen Erlebnisse zu bieten. Wenn Sie auf der Suche nach einem Hotel-Apartment in Dubai f\u00fcr einen l\u00e4ngeren Aufenthalt sind, [&hellip;]","og_url":"https:\/\/www.savoydubai.com\/de\/savoy-suites\/dienstleistungen\/","og_site_name":"Savoy Dubai","article_modified_time":"2020-10-16T10:13:09+00:00","twitter_card":"summary_large_image","twitter_misc":{"Gesch\u00e4tzte Lesezeit":"1 Minute"},"schema":{"@context":"https:\/\/schema.org","@graph":[{"@type":"WebPage","@id":"https:\/\/www.savoydubai.com\/de\/savoy-suites\/dienstleistungen\/","url":"https:\/\/www.savoydubai.com\/de\/savoy-suites\/dienstleistungen\/","name":"Dienstleistungen - Savoy Dubai","isPartOf":{"@id":"https:\/\/www.savoydubai.com\/de\/#website"},"datePublished":"2020-07-09T13:54:53+00:00","dateModified":"2020-10-16T10:13:09+00:00","breadcrumb":{"@id":"https:\/\/www.savoydubai.com\/de\/savoy-suites\/dienstleistungen\/#breadcrumb"},"inLanguage":"de-DE","potentialAction":[{"@type":"ReadAction","target":["https:\/\/www.savoydubai.com\/de\/savoy-suites\/dienstleistungen\/"]}]},{"@type":"BreadcrumbList","@id":"https:\/\/www.savoydubai.com\/de\/savoy-suites\/dienstleistungen\/#breadcrumb","itemListElement":[{"@type":"ListItem","position":1,"name":"Home","item":"https:\/\/www.savoydubai.com\/de\/"},{"@type":"ListItem","position":2,"name":"Savoy Suites","item":"https:\/\/www.savoydubai.com\/de\/savoy-suites\/"},{"@type":"ListItem","position":3,"name":"Dienstleistungen"}]},{"@type":"WebSite","@id":"https:\/\/www.savoydubai.com\/de\/#website","url":"https:\/\/www.savoydubai.com\/de\/","name":"Savoy Dubai","description":"Just another ms.decms.eu site","potentialAction":[{"@type":"SearchAction","target":{"@type":"EntryPoint","urlTemplate":"https:\/\/www.savoydubai.com\/de\/?s={search_term_string}"},"query-input":{"@type":"PropertyValueSpecification","valueRequired":true,"valueName":"search_term_string"}}],"inLanguage":"de-DE"}]}},"acf":[],"_links":{"self":[{"href":"https:\/\/www.savoydubai.com\/de\/wp-json\/wp\/v2\/pages\/338","targetHints":{"allow":["GET"]}}],"collection":[{"href":"https:\/\/www.savoydubai.com\/de\/wp-json\/wp\/v2\/pages"}],"about":[{"href":"https:\/\/www.savoydubai.com\/de\/wp-json\/wp\/v2\/types\/page"}],"author":[{"embeddable":true,"href":"https:\/\/www.savoydubai.com\/de\/wp-json\/wp\/v2\/users\/36"}],"replies":[{"embeddable":true,"href":"https:\/\/www.savoydubai.com\/de\/wp-json\/wp\/v2\/comments?post=338"}],"version-history":[{"count":0,"href":"https:\/\/www.savoydubai.com\/de\/wp-json\/wp\/v2\/pages\/338\/revisions"}],"up":[{"embeddable":true,"href":"https:\/\/www.savoydubai.com\/de\/wp-json\/wp\/v2\/pages\/287"}],"wp:attachment":[{"href":"https:\/\/www.savoydubai.com\/de\/wp-json\/wp\/v2\/media?parent=338"}],"curies":[{"name":"wp","href":"https:\/\/api.w.org\/{rel}","templated":true}]}}