{"id":330,"date":"2020-07-09T11:59:01","date_gmt":"2020-07-09T11:59:01","guid":{"rendered":"http:\/\/savoy-dubai.ms.decms.eu\/?page_id=330"},"modified":"2020-10-20T13:12:39","modified_gmt":"2020-10-20T13:12:39","slug":"superior-suites-mit-zwei-schlafzimmern","status":"publish","type":"page","link":"https:\/\/www.savoydubai.com\/de\/savoy-suites\/unterkuenfte\/superior-suites-mit-zwei-schlafzimmern\/","title":{"rendered":"Superior-suites mit zwei schlafzimmern"},"content":{"rendered":"<p>Das Savoy Suites wurde f\u00fcr Komfort, Luxus und ein Gef\u00fchl von Zuhause entworfen. Die Savoy Superior-Suites mit zwei Schlafzimmern bieten genau das und mehr. Stellen Sie sich vor, Sie kommen nach einem anstrengenden Tag in der Gro\u00dfstadt nach Hause und werden von einer Atmosph\u00e4re von W\u00e4rme, Ruhe und Gelassenheit begr\u00fc\u00dft \u2013 genau das finden anspruchsvolle Reisende und G\u00e4ste, die einen l\u00e4ngeren Aufenthalt in einem Hotel-Apartment in Dubai verbringen m\u00f6chten, in den Savoy-Suites mit zwei Schlafzimmern.<\/p>\n<p><strong>Ultimativer Komfort und Gelassenheit<\/strong><\/p>\n<p>Alle neu renovierten High-End-Deluxe-Suiten mit zwei Schlafzimmern sind mit einem Balkon ausgestattet und verf\u00fcgen \u00fcber kostenloses Highspeed-WLAN-Internet, zwei Flachbildschirm-Mehrkanal-Fernseher, eine Sitzecke mit einem gem\u00fctlichen Schlafsofa und einen Ganzk\u00f6rperspiegel.<\/p>\n","protected":false},"excerpt":{"rendered":"<p>Das Savoy Suites wurde f\u00fcr Komfort, Luxus und ein Gef\u00fchl von Zuhause entworfen. Die Savoy Superior-Suites mit zwei Schlafzimmern bieten genau das und mehr. Stellen Sie sich vor, Sie kommen nach einem anstrengenden Tag in der Gro\u00dfstadt nach Hause und werden von einer Atmosph\u00e4re von W\u00e4rme, Ruhe und Gelassenheit begr\u00fc\u00dft \u2013 genau das finden anspruchsvolle [&hellip;]<\/p>\n","protected":false},"author":36,"featured_media":0,"parent":310,"menu_order":20,"comment_status":"closed","ping_status":"closed","template":"template-hotel-single-room.php","meta":{"footnotes":""},"class_list":["post-330","page","type-page","status-publish","hentry"],"yoast_head":"<!-- This site is optimized with the Yoast SEO plugin v26.9 - https:\/\/yoast.com\/product\/yoast-seo-wordpress\/ -->\n<title>Superior-suites mit zwei schlafzimmern - Savoy Dubai<\/title>\n<meta name=\"robots\" content=\"index, follow, max-snippet:-1, max-image-preview:large, max-video-preview:-1\" \/>\n<link rel=\"canonical\" href=\"https:\/\/www.savoydubai.com\/de\/savoy-suites\/unterkuenfte\/superior-suites-mit-zwei-schlafzimmern\/\" \/>\n<meta property=\"og:locale\" content=\"de_DE\" \/>\n<meta property=\"og:type\" content=\"article\" \/>\n<meta property=\"og:title\" content=\"Superior-suites mit zwei schlafzimmern - Savoy Dubai\" \/>\n<meta property=\"og:description\" content=\"Das Savoy Suites wurde f\u00fcr Komfort, Luxus und ein Gef\u00fchl von Zuhause entworfen. Die Savoy Superior-Suites mit zwei Schlafzimmern bieten genau das und mehr. Stellen Sie sich vor, Sie kommen nach einem anstrengenden Tag in der Gro\u00dfstadt nach Hause und werden von einer Atmosph\u00e4re von W\u00e4rme, Ruhe und Gelassenheit begr\u00fc\u00dft \u2013 genau das finden anspruchsvolle [&hellip;]\" \/>\n<meta property=\"og:url\" content=\"https:\/\/www.savoydubai.com\/de\/savoy-suites\/unterkuenfte\/superior-suites-mit-zwei-schlafzimmern\/\" \/>\n<meta property=\"og:site_name\" content=\"Savoy Dubai\" \/>\n<meta property=\"article:modified_time\" content=\"2020-10-20T13:12:39+00:00\" \/>\n<meta name=\"twitter:card\" content=\"summary_large_image\" \/>\n<meta name=\"twitter:label1\" content=\"Gesch\u00e4tzte Lesezeit\" \/>\n\t<meta name=\"twitter:data1\" content=\"1 Minute\" \/>\n<script type=\"application\/ld+json\" class=\"yoast-schema-graph\">{\"@context\":\"https:\/\/schema.org\",\"@graph\":[{\"@type\":\"WebPage\",\"@id\":\"https:\/\/www.savoydubai.com\/de\/savoy-suites\/unterkuenfte\/superior-suites-mit-zwei-schlafzimmern\/\",\"url\":\"https:\/\/www.savoydubai.com\/de\/savoy-suites\/unterkuenfte\/superior-suites-mit-zwei-schlafzimmern\/\",\"name\":\"Superior-suites mit zwei schlafzimmern - Savoy Dubai\",\"isPartOf\":{\"@id\":\"https:\/\/www.savoydubai.com\/de\/#website\"},\"datePublished\":\"2020-07-09T11:59:01+00:00\",\"dateModified\":\"2020-10-20T13:12:39+00:00\",\"breadcrumb\":{\"@id\":\"https:\/\/www.savoydubai.com\/de\/savoy-suites\/unterkuenfte\/superior-suites-mit-zwei-schlafzimmern\/#breadcrumb\"},\"inLanguage\":\"de-DE\",\"potentialAction\":[{\"@type\":\"ReadAction\",\"target\":[\"https:\/\/www.savoydubai.com\/de\/savoy-suites\/unterkuenfte\/superior-suites-mit-zwei-schlafzimmern\/\"]}]},{\"@type\":\"BreadcrumbList\",\"@id\":\"https:\/\/www.savoydubai.com\/de\/savoy-suites\/unterkuenfte\/superior-suites-mit-zwei-schlafzimmern\/#breadcrumb\",\"itemListElement\":[{\"@type\":\"ListItem\",\"position\":1,\"name\":\"Home\",\"item\":\"https:\/\/www.savoydubai.com\/de\/\"},{\"@type\":\"ListItem\",\"position\":2,\"name\":\"Savoy Suites\",\"item\":\"https:\/\/www.savoydubai.com\/de\/savoy-suites\/\"},{\"@type\":\"ListItem\",\"position\":3,\"name\":\"Unterk\u00fcnfte\",\"item\":\"https:\/\/www.savoydubai.com\/de\/savoy-suites\/unterkuenfte\/\"},{\"@type\":\"ListItem\",\"position\":4,\"name\":\"Superior-suites mit zwei schlafzimmern\"}]},{\"@type\":\"WebSite\",\"@id\":\"https:\/\/www.savoydubai.com\/de\/#website\",\"url\":\"https:\/\/www.savoydubai.com\/de\/\",\"name\":\"Savoy Dubai\",\"description\":\"Just another ms.decms.eu site\",\"potentialAction\":[{\"@type\":\"SearchAction\",\"target\":{\"@type\":\"EntryPoint\",\"urlTemplate\":\"https:\/\/www.savoydubai.com\/de\/?s={search_term_string}\"},\"query-input\":{\"@type\":\"PropertyValueSpecification\",\"valueRequired\":true,\"valueName\":\"search_term_string\"}}],\"inLanguage\":\"de-DE\"}]}<\/script>\n<!-- \/ Yoast SEO plugin. -->","yoast_head_json":{"title":"Superior-suites mit zwei schlafzimmern - Savoy Dubai","robots":{"index":"index","follow":"follow","max-snippet":"max-snippet:-1","max-image-preview":"max-image-preview:large","max-video-preview":"max-video-preview:-1"},"canonical":"https:\/\/www.savoydubai.com\/de\/savoy-suites\/unterkuenfte\/superior-suites-mit-zwei-schlafzimmern\/","og_locale":"de_DE","og_type":"article","og_title":"Superior-suites mit zwei schlafzimmern - Savoy Dubai","og_description":"Das Savoy Suites wurde f\u00fcr Komfort, Luxus und ein Gef\u00fchl von Zuhause entworfen. Die Savoy Superior-Suites mit zwei Schlafzimmern bieten genau das und mehr. Stellen Sie sich vor, Sie kommen nach einem anstrengenden Tag in der Gro\u00dfstadt nach Hause und werden von einer Atmosph\u00e4re von W\u00e4rme, Ruhe und Gelassenheit begr\u00fc\u00dft \u2013 genau das finden anspruchsvolle [&hellip;]","og_url":"https:\/\/www.savoydubai.com\/de\/savoy-suites\/unterkuenfte\/superior-suites-mit-zwei-schlafzimmern\/","og_site_name":"Savoy Dubai","article_modified_time":"2020-10-20T13:12:39+00:00","twitter_card":"summary_large_image","twitter_misc":{"Gesch\u00e4tzte Lesezeit":"1 Minute"},"schema":{"@context":"https:\/\/schema.org","@graph":[{"@type":"WebPage","@id":"https:\/\/www.savoydubai.com\/de\/savoy-suites\/unterkuenfte\/superior-suites-mit-zwei-schlafzimmern\/","url":"https:\/\/www.savoydubai.com\/de\/savoy-suites\/unterkuenfte\/superior-suites-mit-zwei-schlafzimmern\/","name":"Superior-suites mit zwei schlafzimmern - Savoy Dubai","isPartOf":{"@id":"https:\/\/www.savoydubai.com\/de\/#website"},"datePublished":"2020-07-09T11:59:01+00:00","dateModified":"2020-10-20T13:12:39+00:00","breadcrumb":{"@id":"https:\/\/www.savoydubai.com\/de\/savoy-suites\/unterkuenfte\/superior-suites-mit-zwei-schlafzimmern\/#breadcrumb"},"inLanguage":"de-DE","potentialAction":[{"@type":"ReadAction","target":["https:\/\/www.savoydubai.com\/de\/savoy-suites\/unterkuenfte\/superior-suites-mit-zwei-schlafzimmern\/"]}]},{"@type":"BreadcrumbList","@id":"https:\/\/www.savoydubai.com\/de\/savoy-suites\/unterkuenfte\/superior-suites-mit-zwei-schlafzimmern\/#breadcrumb","itemListElement":[{"@type":"ListItem","position":1,"name":"Home","item":"https:\/\/www.savoydubai.com\/de\/"},{"@type":"ListItem","position":2,"name":"Savoy Suites","item":"https:\/\/www.savoydubai.com\/de\/savoy-suites\/"},{"@type":"ListItem","position":3,"name":"Unterk\u00fcnfte","item":"https:\/\/www.savoydubai.com\/de\/savoy-suites\/unterkuenfte\/"},{"@type":"ListItem","position":4,"name":"Superior-suites mit zwei schlafzimmern"}]},{"@type":"WebSite","@id":"https:\/\/www.savoydubai.com\/de\/#website","url":"https:\/\/www.savoydubai.com\/de\/","name":"Savoy Dubai","description":"Just another ms.decms.eu site","potentialAction":[{"@type":"SearchAction","target":{"@type":"EntryPoint","urlTemplate":"https:\/\/www.savoydubai.com\/de\/?s={search_term_string}"},"query-input":{"@type":"PropertyValueSpecification","valueRequired":true,"valueName":"search_term_string"}}],"inLanguage":"de-DE"}]}},"acf":[],"_links":{"self":[{"href":"https:\/\/www.savoydubai.com\/de\/wp-json\/wp\/v2\/pages\/330","targetHints":{"allow":["GET"]}}],"collection":[{"href":"https:\/\/www.savoydubai.com\/de\/wp-json\/wp\/v2\/pages"}],"about":[{"href":"https:\/\/www.savoydubai.com\/de\/wp-json\/wp\/v2\/types\/page"}],"author":[{"embeddable":true,"href":"https:\/\/www.savoydubai.com\/de\/wp-json\/wp\/v2\/users\/36"}],"replies":[{"embeddable":true,"href":"https:\/\/www.savoydubai.com\/de\/wp-json\/wp\/v2\/comments?post=330"}],"version-history":[{"count":0,"href":"https:\/\/www.savoydubai.com\/de\/wp-json\/wp\/v2\/pages\/330\/revisions"}],"up":[{"embeddable":true,"href":"https:\/\/www.savoydubai.com\/de\/wp-json\/wp\/v2\/pages\/310"}],"wp:attachment":[{"href":"https:\/\/www.savoydubai.com\/de\/wp-json\/wp\/v2\/media?parent=330"}],"curies":[{"name":"wp","href":"https:\/\/api.w.org\/{rel}","templated":true}]}}