{"id":323,"date":"2020-07-09T09:52:58","date_gmt":"2020-07-09T09:52:58","guid":{"rendered":"http:\/\/savoy-dubai.ms.decms.eu\/?page_id=323"},"modified":"2026-04-13T06:23:41","modified_gmt":"2026-04-13T06:23:41","slug":"klassisches-studio","status":"publish","type":"page","link":"https:\/\/www.savoydubai.com\/de\/savoy-suites\/unterkuenfte\/klassisches-studio\/","title":{"rendered":"Klassisches studio"},"content":{"rendered":"<p>Das wundersch\u00f6ne, raffinierte, warme, urbane Refugium Savoy Suites befindet sich in bester Lage von Bur Dubai und bietet Hotelkomfort inmitten der Freiheit unabh\u00e4ngiger Deluxe-Apartments, sodass unsere G\u00e4ste die gesch\u00e4ftige Stadt Dubai in all ihrer Opulenz, Raffinesse und Majest\u00e4t erleben k\u00f6nnen.<\/p>\n<p><strong>F\u00fcr Inspiration entworfen<\/strong><\/p>\n<p>Mit eleganten Zimmern, einem zuvorkommenden Service und allen modernen Annehmlichkeiten, die jeden Aufenthalt versch\u00f6nern, sind die klassischen Studio-Apartments des Savoy Suites ein luxuri\u00f6ses Zuhause in der Ferne. Die 100 Studio-Zimmer der Hotel-Apartments, die alle mit einem eigenen Bad ausgestattet sind, bieten alle modernen Annehmlichkeiten f\u00fcr kosmopolitische Reisende.<\/p>\n","protected":false},"excerpt":{"rendered":"<p>Das wundersch\u00f6ne, raffinierte, warme, urbane Refugium Savoy Suites befindet sich in bester Lage von Bur Dubai und bietet Hotelkomfort inmitten der Freiheit unabh\u00e4ngiger Deluxe-Apartments, sodass unsere G\u00e4ste die gesch\u00e4ftige Stadt Dubai in all ihrer Opulenz, Raffinesse und Majest\u00e4t erleben k\u00f6nnen. F\u00fcr Inspiration entworfen Mit eleganten Zimmern, einem zuvorkommenden Service und allen modernen Annehmlichkeiten, die jeden [&hellip;]<\/p>\n","protected":false},"author":36,"featured_media":0,"parent":310,"menu_order":10,"comment_status":"closed","ping_status":"closed","template":"template-hotel-single-room.php","meta":{"footnotes":""},"class_list":["post-323","page","type-page","status-publish","hentry"],"yoast_head":"<!-- This site is optimized with the Yoast SEO plugin v26.9 - https:\/\/yoast.com\/product\/yoast-seo-wordpress\/ -->\n<title>Klassisches studio - Savoy Dubai<\/title>\n<meta name=\"robots\" content=\"index, follow, max-snippet:-1, max-image-preview:large, max-video-preview:-1\" \/>\n<link rel=\"canonical\" href=\"https:\/\/www.savoydubai.com\/de\/savoy-suites\/unterkuenfte\/klassisches-studio\/\" \/>\n<meta property=\"og:locale\" content=\"de_DE\" \/>\n<meta property=\"og:type\" content=\"article\" \/>\n<meta property=\"og:title\" content=\"Klassisches studio - Savoy Dubai\" \/>\n<meta property=\"og:description\" content=\"Das wundersch\u00f6ne, raffinierte, warme, urbane Refugium Savoy Suites befindet sich in bester Lage von Bur Dubai und bietet Hotelkomfort inmitten der Freiheit unabh\u00e4ngiger Deluxe-Apartments, sodass unsere G\u00e4ste die gesch\u00e4ftige Stadt Dubai in all ihrer Opulenz, Raffinesse und Majest\u00e4t erleben k\u00f6nnen. F\u00fcr Inspiration entworfen Mit eleganten Zimmern, einem zuvorkommenden Service und allen modernen Annehmlichkeiten, die jeden [&hellip;]\" \/>\n<meta property=\"og:url\" content=\"https:\/\/www.savoydubai.com\/de\/savoy-suites\/unterkuenfte\/klassisches-studio\/\" \/>\n<meta property=\"og:site_name\" content=\"Savoy Dubai\" \/>\n<meta property=\"article:modified_time\" content=\"2026-04-13T06:23:41+00:00\" \/>\n<meta name=\"twitter:card\" content=\"summary_large_image\" \/>\n<meta name=\"twitter:label1\" content=\"Gesch\u00e4tzte Lesezeit\" \/>\n\t<meta name=\"twitter:data1\" content=\"1 Minute\" \/>\n<script type=\"application\/ld+json\" class=\"yoast-schema-graph\">{\"@context\":\"https:\/\/schema.org\",\"@graph\":[{\"@type\":\"WebPage\",\"@id\":\"https:\/\/www.savoydubai.com\/de\/savoy-suites\/unterkuenfte\/klassisches-studio\/\",\"url\":\"https:\/\/www.savoydubai.com\/de\/savoy-suites\/unterkuenfte\/klassisches-studio\/\",\"name\":\"Klassisches studio - Savoy Dubai\",\"isPartOf\":{\"@id\":\"https:\/\/www.savoydubai.com\/de\/#website\"},\"datePublished\":\"2020-07-09T09:52:58+00:00\",\"dateModified\":\"2026-04-13T06:23:41+00:00\",\"breadcrumb\":{\"@id\":\"https:\/\/www.savoydubai.com\/de\/savoy-suites\/unterkuenfte\/klassisches-studio\/#breadcrumb\"},\"inLanguage\":\"de-DE\",\"potentialAction\":[{\"@type\":\"ReadAction\",\"target\":[\"https:\/\/www.savoydubai.com\/de\/savoy-suites\/unterkuenfte\/klassisches-studio\/\"]}]},{\"@type\":\"BreadcrumbList\",\"@id\":\"https:\/\/www.savoydubai.com\/de\/savoy-suites\/unterkuenfte\/klassisches-studio\/#breadcrumb\",\"itemListElement\":[{\"@type\":\"ListItem\",\"position\":1,\"name\":\"Home\",\"item\":\"https:\/\/www.savoydubai.com\/de\/\"},{\"@type\":\"ListItem\",\"position\":2,\"name\":\"Savoy Suites\",\"item\":\"https:\/\/www.savoydubai.com\/de\/savoy-suites\/\"},{\"@type\":\"ListItem\",\"position\":3,\"name\":\"Unterk\u00fcnfte\",\"item\":\"https:\/\/www.savoydubai.com\/de\/savoy-suites\/unterkuenfte\/\"},{\"@type\":\"ListItem\",\"position\":4,\"name\":\"Klassisches studio\"}]},{\"@type\":\"WebSite\",\"@id\":\"https:\/\/www.savoydubai.com\/de\/#website\",\"url\":\"https:\/\/www.savoydubai.com\/de\/\",\"name\":\"Savoy Dubai\",\"description\":\"Just another ms.decms.eu site\",\"potentialAction\":[{\"@type\":\"SearchAction\",\"target\":{\"@type\":\"EntryPoint\",\"urlTemplate\":\"https:\/\/www.savoydubai.com\/de\/?s={search_term_string}\"},\"query-input\":{\"@type\":\"PropertyValueSpecification\",\"valueRequired\":true,\"valueName\":\"search_term_string\"}}],\"inLanguage\":\"de-DE\"}]}<\/script>\n<!-- \/ Yoast SEO plugin. -->","yoast_head_json":{"title":"Klassisches studio - Savoy Dubai","robots":{"index":"index","follow":"follow","max-snippet":"max-snippet:-1","max-image-preview":"max-image-preview:large","max-video-preview":"max-video-preview:-1"},"canonical":"https:\/\/www.savoydubai.com\/de\/savoy-suites\/unterkuenfte\/klassisches-studio\/","og_locale":"de_DE","og_type":"article","og_title":"Klassisches studio - Savoy Dubai","og_description":"Das wundersch\u00f6ne, raffinierte, warme, urbane Refugium Savoy Suites befindet sich in bester Lage von Bur Dubai und bietet Hotelkomfort inmitten der Freiheit unabh\u00e4ngiger Deluxe-Apartments, sodass unsere G\u00e4ste die gesch\u00e4ftige Stadt Dubai in all ihrer Opulenz, Raffinesse und Majest\u00e4t erleben k\u00f6nnen. F\u00fcr Inspiration entworfen Mit eleganten Zimmern, einem zuvorkommenden Service und allen modernen Annehmlichkeiten, die jeden [&hellip;]","og_url":"https:\/\/www.savoydubai.com\/de\/savoy-suites\/unterkuenfte\/klassisches-studio\/","og_site_name":"Savoy Dubai","article_modified_time":"2026-04-13T06:23:41+00:00","twitter_card":"summary_large_image","twitter_misc":{"Gesch\u00e4tzte Lesezeit":"1 Minute"},"schema":{"@context":"https:\/\/schema.org","@graph":[{"@type":"WebPage","@id":"https:\/\/www.savoydubai.com\/de\/savoy-suites\/unterkuenfte\/klassisches-studio\/","url":"https:\/\/www.savoydubai.com\/de\/savoy-suites\/unterkuenfte\/klassisches-studio\/","name":"Klassisches studio - Savoy Dubai","isPartOf":{"@id":"https:\/\/www.savoydubai.com\/de\/#website"},"datePublished":"2020-07-09T09:52:58+00:00","dateModified":"2026-04-13T06:23:41+00:00","breadcrumb":{"@id":"https:\/\/www.savoydubai.com\/de\/savoy-suites\/unterkuenfte\/klassisches-studio\/#breadcrumb"},"inLanguage":"de-DE","potentialAction":[{"@type":"ReadAction","target":["https:\/\/www.savoydubai.com\/de\/savoy-suites\/unterkuenfte\/klassisches-studio\/"]}]},{"@type":"BreadcrumbList","@id":"https:\/\/www.savoydubai.com\/de\/savoy-suites\/unterkuenfte\/klassisches-studio\/#breadcrumb","itemListElement":[{"@type":"ListItem","position":1,"name":"Home","item":"https:\/\/www.savoydubai.com\/de\/"},{"@type":"ListItem","position":2,"name":"Savoy Suites","item":"https:\/\/www.savoydubai.com\/de\/savoy-suites\/"},{"@type":"ListItem","position":3,"name":"Unterk\u00fcnfte","item":"https:\/\/www.savoydubai.com\/de\/savoy-suites\/unterkuenfte\/"},{"@type":"ListItem","position":4,"name":"Klassisches studio"}]},{"@type":"WebSite","@id":"https:\/\/www.savoydubai.com\/de\/#website","url":"https:\/\/www.savoydubai.com\/de\/","name":"Savoy Dubai","description":"Just another ms.decms.eu site","potentialAction":[{"@type":"SearchAction","target":{"@type":"EntryPoint","urlTemplate":"https:\/\/www.savoydubai.com\/de\/?s={search_term_string}"},"query-input":{"@type":"PropertyValueSpecification","valueRequired":true,"valueName":"search_term_string"}}],"inLanguage":"de-DE"}]}},"acf":[],"_links":{"self":[{"href":"https:\/\/www.savoydubai.com\/de\/wp-json\/wp\/v2\/pages\/323","targetHints":{"allow":["GET"]}}],"collection":[{"href":"https:\/\/www.savoydubai.com\/de\/wp-json\/wp\/v2\/pages"}],"about":[{"href":"https:\/\/www.savoydubai.com\/de\/wp-json\/wp\/v2\/types\/page"}],"author":[{"embeddable":true,"href":"https:\/\/www.savoydubai.com\/de\/wp-json\/wp\/v2\/users\/36"}],"replies":[{"embeddable":true,"href":"https:\/\/www.savoydubai.com\/de\/wp-json\/wp\/v2\/comments?post=323"}],"version-history":[{"count":0,"href":"https:\/\/www.savoydubai.com\/de\/wp-json\/wp\/v2\/pages\/323\/revisions"}],"up":[{"embeddable":true,"href":"https:\/\/www.savoydubai.com\/de\/wp-json\/wp\/v2\/pages\/310"}],"wp:attachment":[{"href":"https:\/\/www.savoydubai.com\/de\/wp-json\/wp\/v2\/media?parent=323"}],"curies":[{"name":"wp","href":"https:\/\/api.w.org\/{rel}","templated":true}]}}