{"id":310,"date":"2020-07-09T08:52:53","date_gmt":"2020-07-09T08:52:53","guid":{"rendered":"http:\/\/savoy-dubai.ms.decms.eu\/?page_id=310"},"modified":"2020-10-18T14:33:56","modified_gmt":"2020-10-18T14:33:56","slug":"unterkuenfte","status":"publish","type":"page","link":"https:\/\/www.savoydubai.com\/de\/savoy-suites\/unterkuenfte\/","title":{"rendered":"Unterk\u00fcnfte"},"content":{"rendered":"<p>Das Savoy Suites bietet High-End-Luxus und einen warmen und pers\u00f6nlichen Service und ist damit die erste Wahl f\u00fcr alle anspruchsvollen Reisenden. Das im Herzen von Dubai gelegene High-End-Hotel umfasst 100 klassische Studios und 12 Elite-Suiten mit zwei Schlafzimmern, die zeitgem\u00e4\u00dfen Komfort und modernen Luxus vereinen, um unseren G\u00e4sten einen exklusiven, komfortablen und erstklassigen Aufenthalt in Dubai zu bieten.<\/p>\n<p>Wenn Sie nach einem Hotel-Apartment in Dubai f\u00fcr einen l\u00e4ngeren Aufenthalt mit Luxus und pers\u00f6nlichem Service suchen, ist das Savoy Suites die ideale Wahl.<\/p>\n<p><strong>Luxus und Eleganz im Herzen von Dubai <\/strong><\/p>\n<p>Das Savoy Suites wurde entwickelt, um allen G\u00e4sten ein Erlebnis von h\u00f6chster Qualit\u00e4t, beispiellose Unterst\u00fctzung, einfachen Zugang zu Technologie und einen pers\u00f6nlichen Service zu bieten und unsere Versprechen jederzeit noch zu \u00fcbertreffen.<\/p>\n","protected":false},"excerpt":{"rendered":"<p>Das Savoy Suites bietet High-End-Luxus und einen warmen und pers\u00f6nlichen Service und ist damit die erste Wahl f\u00fcr alle anspruchsvollen Reisenden. Das im Herzen von Dubai gelegene High-End-Hotel umfasst 100 klassische Studios und 12 Elite-Suiten mit zwei Schlafzimmern, die zeitgem\u00e4\u00dfen Komfort und modernen Luxus vereinen, um unseren G\u00e4sten einen exklusiven, komfortablen und erstklassigen Aufenthalt in [&hellip;]<\/p>\n","protected":false},"author":36,"featured_media":0,"parent":287,"menu_order":10,"comment_status":"closed","ping_status":"closed","template":"template-hotel-rooms.php","meta":{"footnotes":""},"class_list":["post-310","page","type-page","status-publish","hentry"],"yoast_head":"<!-- This site is optimized with the Yoast SEO plugin v26.9 - https:\/\/yoast.com\/product\/yoast-seo-wordpress\/ -->\n<title>Unterk\u00fcnfte - Savoy Dubai<\/title>\n<meta name=\"robots\" content=\"index, follow, max-snippet:-1, max-image-preview:large, max-video-preview:-1\" \/>\n<link rel=\"canonical\" href=\"https:\/\/www.savoydubai.com\/de\/savoy-suites\/unterkuenfte\/\" \/>\n<meta property=\"og:locale\" content=\"de_DE\" \/>\n<meta property=\"og:type\" content=\"article\" \/>\n<meta property=\"og:title\" content=\"Unterk\u00fcnfte - Savoy Dubai\" \/>\n<meta property=\"og:description\" content=\"Das Savoy Suites bietet High-End-Luxus und einen warmen und pers\u00f6nlichen Service und ist damit die erste Wahl f\u00fcr alle anspruchsvollen Reisenden. Das im Herzen von Dubai gelegene High-End-Hotel umfasst 100 klassische Studios und 12 Elite-Suiten mit zwei Schlafzimmern, die zeitgem\u00e4\u00dfen Komfort und modernen Luxus vereinen, um unseren G\u00e4sten einen exklusiven, komfortablen und erstklassigen Aufenthalt in [&hellip;]\" \/>\n<meta property=\"og:url\" content=\"https:\/\/www.savoydubai.com\/de\/savoy-suites\/unterkuenfte\/\" \/>\n<meta property=\"og:site_name\" content=\"Savoy Dubai\" \/>\n<meta property=\"article:modified_time\" content=\"2020-10-18T14:33:56+00:00\" \/>\n<meta name=\"twitter:card\" content=\"summary_large_image\" \/>\n<meta name=\"twitter:label1\" content=\"Gesch\u00e4tzte Lesezeit\" \/>\n\t<meta name=\"twitter:data1\" content=\"1 Minute\" \/>\n<script type=\"application\/ld+json\" class=\"yoast-schema-graph\">{\"@context\":\"https:\/\/schema.org\",\"@graph\":[{\"@type\":\"WebPage\",\"@id\":\"https:\/\/www.savoydubai.com\/de\/savoy-suites\/unterkuenfte\/\",\"url\":\"https:\/\/www.savoydubai.com\/de\/savoy-suites\/unterkuenfte\/\",\"name\":\"Unterk\u00fcnfte - Savoy Dubai\",\"isPartOf\":{\"@id\":\"https:\/\/www.savoydubai.com\/de\/#website\"},\"datePublished\":\"2020-07-09T08:52:53+00:00\",\"dateModified\":\"2020-10-18T14:33:56+00:00\",\"breadcrumb\":{\"@id\":\"https:\/\/www.savoydubai.com\/de\/savoy-suites\/unterkuenfte\/#breadcrumb\"},\"inLanguage\":\"de-DE\",\"potentialAction\":[{\"@type\":\"ReadAction\",\"target\":[\"https:\/\/www.savoydubai.com\/de\/savoy-suites\/unterkuenfte\/\"]}]},{\"@type\":\"BreadcrumbList\",\"@id\":\"https:\/\/www.savoydubai.com\/de\/savoy-suites\/unterkuenfte\/#breadcrumb\",\"itemListElement\":[{\"@type\":\"ListItem\",\"position\":1,\"name\":\"Home\",\"item\":\"https:\/\/www.savoydubai.com\/de\/\"},{\"@type\":\"ListItem\",\"position\":2,\"name\":\"Savoy Suites\",\"item\":\"https:\/\/www.savoydubai.com\/de\/savoy-suites\/\"},{\"@type\":\"ListItem\",\"position\":3,\"name\":\"Unterk\u00fcnfte\"}]},{\"@type\":\"WebSite\",\"@id\":\"https:\/\/www.savoydubai.com\/de\/#website\",\"url\":\"https:\/\/www.savoydubai.com\/de\/\",\"name\":\"Savoy Dubai\",\"description\":\"Just another ms.decms.eu site\",\"potentialAction\":[{\"@type\":\"SearchAction\",\"target\":{\"@type\":\"EntryPoint\",\"urlTemplate\":\"https:\/\/www.savoydubai.com\/de\/?s={search_term_string}\"},\"query-input\":{\"@type\":\"PropertyValueSpecification\",\"valueRequired\":true,\"valueName\":\"search_term_string\"}}],\"inLanguage\":\"de-DE\"}]}<\/script>\n<!-- \/ Yoast SEO plugin. -->","yoast_head_json":{"title":"Unterk\u00fcnfte - Savoy Dubai","robots":{"index":"index","follow":"follow","max-snippet":"max-snippet:-1","max-image-preview":"max-image-preview:large","max-video-preview":"max-video-preview:-1"},"canonical":"https:\/\/www.savoydubai.com\/de\/savoy-suites\/unterkuenfte\/","og_locale":"de_DE","og_type":"article","og_title":"Unterk\u00fcnfte - Savoy Dubai","og_description":"Das Savoy Suites bietet High-End-Luxus und einen warmen und pers\u00f6nlichen Service und ist damit die erste Wahl f\u00fcr alle anspruchsvollen Reisenden. Das im Herzen von Dubai gelegene High-End-Hotel umfasst 100 klassische Studios und 12 Elite-Suiten mit zwei Schlafzimmern, die zeitgem\u00e4\u00dfen Komfort und modernen Luxus vereinen, um unseren G\u00e4sten einen exklusiven, komfortablen und erstklassigen Aufenthalt in [&hellip;]","og_url":"https:\/\/www.savoydubai.com\/de\/savoy-suites\/unterkuenfte\/","og_site_name":"Savoy Dubai","article_modified_time":"2020-10-18T14:33:56+00:00","twitter_card":"summary_large_image","twitter_misc":{"Gesch\u00e4tzte Lesezeit":"1 Minute"},"schema":{"@context":"https:\/\/schema.org","@graph":[{"@type":"WebPage","@id":"https:\/\/www.savoydubai.com\/de\/savoy-suites\/unterkuenfte\/","url":"https:\/\/www.savoydubai.com\/de\/savoy-suites\/unterkuenfte\/","name":"Unterk\u00fcnfte - Savoy Dubai","isPartOf":{"@id":"https:\/\/www.savoydubai.com\/de\/#website"},"datePublished":"2020-07-09T08:52:53+00:00","dateModified":"2020-10-18T14:33:56+00:00","breadcrumb":{"@id":"https:\/\/www.savoydubai.com\/de\/savoy-suites\/unterkuenfte\/#breadcrumb"},"inLanguage":"de-DE","potentialAction":[{"@type":"ReadAction","target":["https:\/\/www.savoydubai.com\/de\/savoy-suites\/unterkuenfte\/"]}]},{"@type":"BreadcrumbList","@id":"https:\/\/www.savoydubai.com\/de\/savoy-suites\/unterkuenfte\/#breadcrumb","itemListElement":[{"@type":"ListItem","position":1,"name":"Home","item":"https:\/\/www.savoydubai.com\/de\/"},{"@type":"ListItem","position":2,"name":"Savoy Suites","item":"https:\/\/www.savoydubai.com\/de\/savoy-suites\/"},{"@type":"ListItem","position":3,"name":"Unterk\u00fcnfte"}]},{"@type":"WebSite","@id":"https:\/\/www.savoydubai.com\/de\/#website","url":"https:\/\/www.savoydubai.com\/de\/","name":"Savoy Dubai","description":"Just another ms.decms.eu site","potentialAction":[{"@type":"SearchAction","target":{"@type":"EntryPoint","urlTemplate":"https:\/\/www.savoydubai.com\/de\/?s={search_term_string}"},"query-input":{"@type":"PropertyValueSpecification","valueRequired":true,"valueName":"search_term_string"}}],"inLanguage":"de-DE"}]}},"acf":[],"_links":{"self":[{"href":"https:\/\/www.savoydubai.com\/de\/wp-json\/wp\/v2\/pages\/310","targetHints":{"allow":["GET"]}}],"collection":[{"href":"https:\/\/www.savoydubai.com\/de\/wp-json\/wp\/v2\/pages"}],"about":[{"href":"https:\/\/www.savoydubai.com\/de\/wp-json\/wp\/v2\/types\/page"}],"author":[{"embeddable":true,"href":"https:\/\/www.savoydubai.com\/de\/wp-json\/wp\/v2\/users\/36"}],"replies":[{"embeddable":true,"href":"https:\/\/www.savoydubai.com\/de\/wp-json\/wp\/v2\/comments?post=310"}],"version-history":[{"count":0,"href":"https:\/\/www.savoydubai.com\/de\/wp-json\/wp\/v2\/pages\/310\/revisions"}],"up":[{"embeddable":true,"href":"https:\/\/www.savoydubai.com\/de\/wp-json\/wp\/v2\/pages\/287"}],"wp:attachment":[{"href":"https:\/\/www.savoydubai.com\/de\/wp-json\/wp\/v2\/media?parent=310"}],"curies":[{"name":"wp","href":"https:\/\/api.w.org\/{rel}","templated":true}]}}