{"id":300,"date":"2020-07-06T08:16:49","date_gmt":"2020-07-06T08:16:49","guid":{"rendered":"http:\/\/savoy-dubai.ms.decms.eu\/savoy-crest\/accommodation\/"},"modified":"2020-10-17T13:44:12","modified_gmt":"2020-10-17T13:44:12","slug":"unterkuenfte","status":"publish","type":"page","link":"https:\/\/www.savoydubai.com\/de\/savoy-crest\/unterkuenfte\/","title":{"rendered":"Unterk\u00fcnfte"},"content":{"rendered":"<p>Auf der Suche nach einem luxuri\u00f6sen Boutique-Hotel in Dubai? Das Savoy Crest ist die Unterkunft, nach der Sie gesucht haben.<\/p>\n<p>Das Savoy Crest bietet ein moderne Boutique-Hotel-Apartments mit intimem Charme und einer ger\u00e4umigen Atmosph\u00e4re mit modernem Dekor, einem rund um die Uhr ge\u00f6ffneten Fitnessstudio, Highspeed-Internet und allen modernen Annehmlichkeiten. Die modernen und ger\u00e4umigen Apartments in der N\u00e4he der U-Bahn-Haltestelle BurJuman verf\u00fcgen \u00fcber eine gut ausgestattete K\u00fcche, um sicherzustellen, dass alle Ihre Bed\u00fcrfnisse erf\u00fcllt werden und Sie Mahlzeiten direkt in Ihrem zweiten Zuhause zubereiten k\u00f6nnen.<\/p>\n<p>Die Residenz befindet sich im Herzen der Stadt und verf\u00fcgt \u00fcber 84 elegante Studiozimmer, 28 luxuri\u00f6se Suiten mit einem Schlafzimmer und 14 miteinander verbundene Apartments mit zwei Schlafzimmern. Stilvolle Akzente, ein gro\u00dfes Schlafsofa und ein Esstisch im Wohnzimmer verleihen dem Raum einen einladenden Charme. Alle Apartments sind klimatisiert und verf\u00fcgen \u00fcber eine individuelle Temperaturregelung. Alle Zimmer verf\u00fcgen \u00fcber separate Schlaf-, Wohn- und Essbereiche mit einer voll ausgestatteten K\u00fcche.<\/p>\n","protected":false},"excerpt":{"rendered":"<p>Auf der Suche nach einem luxuri\u00f6sen Boutique-Hotel in Dubai? Das Savoy Crest ist die Unterkunft, nach der Sie gesucht haben. Das Savoy Crest bietet ein moderne Boutique-Hotel-Apartments mit intimem Charme und einer ger\u00e4umigen Atmosph\u00e4re mit modernem Dekor, einem rund um die Uhr ge\u00f6ffneten Fitnessstudio, Highspeed-Internet und allen modernen Annehmlichkeiten. Die modernen und ger\u00e4umigen Apartments in [&hellip;]<\/p>\n","protected":false},"author":17,"featured_media":0,"parent":291,"menu_order":10,"comment_status":"closed","ping_status":"closed","template":"template-hotel-rooms.php","meta":{"footnotes":""},"class_list":["post-300","page","type-page","status-publish","hentry"],"yoast_head":"<!-- This site is optimized with the Yoast SEO plugin v26.9 - https:\/\/yoast.com\/product\/yoast-seo-wordpress\/ -->\n<title>Unterk\u00fcnfte - Savoy Dubai<\/title>\n<meta name=\"robots\" content=\"index, follow, max-snippet:-1, max-image-preview:large, max-video-preview:-1\" \/>\n<link rel=\"canonical\" href=\"https:\/\/www.savoydubai.com\/de\/savoy-crest\/unterkuenfte\/\" \/>\n<meta property=\"og:locale\" content=\"de_DE\" \/>\n<meta property=\"og:type\" content=\"article\" \/>\n<meta property=\"og:title\" content=\"Unterk\u00fcnfte - Savoy Dubai\" \/>\n<meta property=\"og:description\" content=\"Auf der Suche nach einem luxuri\u00f6sen Boutique-Hotel in Dubai? Das Savoy Crest ist die Unterkunft, nach der Sie gesucht haben. Das Savoy Crest bietet ein moderne Boutique-Hotel-Apartments mit intimem Charme und einer ger\u00e4umigen Atmosph\u00e4re mit modernem Dekor, einem rund um die Uhr ge\u00f6ffneten Fitnessstudio, Highspeed-Internet und allen modernen Annehmlichkeiten. Die modernen und ger\u00e4umigen Apartments in [&hellip;]\" \/>\n<meta property=\"og:url\" content=\"https:\/\/www.savoydubai.com\/de\/savoy-crest\/unterkuenfte\/\" \/>\n<meta property=\"og:site_name\" content=\"Savoy Dubai\" \/>\n<meta property=\"article:modified_time\" content=\"2020-10-17T13:44:12+00:00\" \/>\n<meta name=\"twitter:card\" content=\"summary_large_image\" \/>\n<meta name=\"twitter:label1\" content=\"Gesch\u00e4tzte Lesezeit\" \/>\n\t<meta name=\"twitter:data1\" content=\"1 Minute\" \/>\n<script type=\"application\/ld+json\" class=\"yoast-schema-graph\">{\"@context\":\"https:\/\/schema.org\",\"@graph\":[{\"@type\":\"WebPage\",\"@id\":\"https:\/\/www.savoydubai.com\/de\/savoy-crest\/unterkuenfte\/\",\"url\":\"https:\/\/www.savoydubai.com\/de\/savoy-crest\/unterkuenfte\/\",\"name\":\"Unterk\u00fcnfte - Savoy Dubai\",\"isPartOf\":{\"@id\":\"https:\/\/www.savoydubai.com\/de\/#website\"},\"datePublished\":\"2020-07-06T08:16:49+00:00\",\"dateModified\":\"2020-10-17T13:44:12+00:00\",\"breadcrumb\":{\"@id\":\"https:\/\/www.savoydubai.com\/de\/savoy-crest\/unterkuenfte\/#breadcrumb\"},\"inLanguage\":\"de-DE\",\"potentialAction\":[{\"@type\":\"ReadAction\",\"target\":[\"https:\/\/www.savoydubai.com\/de\/savoy-crest\/unterkuenfte\/\"]}]},{\"@type\":\"BreadcrumbList\",\"@id\":\"https:\/\/www.savoydubai.com\/de\/savoy-crest\/unterkuenfte\/#breadcrumb\",\"itemListElement\":[{\"@type\":\"ListItem\",\"position\":1,\"name\":\"Home\",\"item\":\"https:\/\/www.savoydubai.com\/de\/\"},{\"@type\":\"ListItem\",\"position\":2,\"name\":\"Savoy Crest\",\"item\":\"https:\/\/www.savoydubai.com\/de\/savoy-crest\/\"},{\"@type\":\"ListItem\",\"position\":3,\"name\":\"Unterk\u00fcnfte\"}]},{\"@type\":\"WebSite\",\"@id\":\"https:\/\/www.savoydubai.com\/de\/#website\",\"url\":\"https:\/\/www.savoydubai.com\/de\/\",\"name\":\"Savoy Dubai\",\"description\":\"Just another ms.decms.eu site\",\"potentialAction\":[{\"@type\":\"SearchAction\",\"target\":{\"@type\":\"EntryPoint\",\"urlTemplate\":\"https:\/\/www.savoydubai.com\/de\/?s={search_term_string}\"},\"query-input\":{\"@type\":\"PropertyValueSpecification\",\"valueRequired\":true,\"valueName\":\"search_term_string\"}}],\"inLanguage\":\"de-DE\"}]}<\/script>\n<!-- \/ Yoast SEO plugin. -->","yoast_head_json":{"title":"Unterk\u00fcnfte - Savoy Dubai","robots":{"index":"index","follow":"follow","max-snippet":"max-snippet:-1","max-image-preview":"max-image-preview:large","max-video-preview":"max-video-preview:-1"},"canonical":"https:\/\/www.savoydubai.com\/de\/savoy-crest\/unterkuenfte\/","og_locale":"de_DE","og_type":"article","og_title":"Unterk\u00fcnfte - Savoy Dubai","og_description":"Auf der Suche nach einem luxuri\u00f6sen Boutique-Hotel in Dubai? Das Savoy Crest ist die Unterkunft, nach der Sie gesucht haben. Das Savoy Crest bietet ein moderne Boutique-Hotel-Apartments mit intimem Charme und einer ger\u00e4umigen Atmosph\u00e4re mit modernem Dekor, einem rund um die Uhr ge\u00f6ffneten Fitnessstudio, Highspeed-Internet und allen modernen Annehmlichkeiten. Die modernen und ger\u00e4umigen Apartments in [&hellip;]","og_url":"https:\/\/www.savoydubai.com\/de\/savoy-crest\/unterkuenfte\/","og_site_name":"Savoy Dubai","article_modified_time":"2020-10-17T13:44:12+00:00","twitter_card":"summary_large_image","twitter_misc":{"Gesch\u00e4tzte Lesezeit":"1 Minute"},"schema":{"@context":"https:\/\/schema.org","@graph":[{"@type":"WebPage","@id":"https:\/\/www.savoydubai.com\/de\/savoy-crest\/unterkuenfte\/","url":"https:\/\/www.savoydubai.com\/de\/savoy-crest\/unterkuenfte\/","name":"Unterk\u00fcnfte - Savoy Dubai","isPartOf":{"@id":"https:\/\/www.savoydubai.com\/de\/#website"},"datePublished":"2020-07-06T08:16:49+00:00","dateModified":"2020-10-17T13:44:12+00:00","breadcrumb":{"@id":"https:\/\/www.savoydubai.com\/de\/savoy-crest\/unterkuenfte\/#breadcrumb"},"inLanguage":"de-DE","potentialAction":[{"@type":"ReadAction","target":["https:\/\/www.savoydubai.com\/de\/savoy-crest\/unterkuenfte\/"]}]},{"@type":"BreadcrumbList","@id":"https:\/\/www.savoydubai.com\/de\/savoy-crest\/unterkuenfte\/#breadcrumb","itemListElement":[{"@type":"ListItem","position":1,"name":"Home","item":"https:\/\/www.savoydubai.com\/de\/"},{"@type":"ListItem","position":2,"name":"Savoy Crest","item":"https:\/\/www.savoydubai.com\/de\/savoy-crest\/"},{"@type":"ListItem","position":3,"name":"Unterk\u00fcnfte"}]},{"@type":"WebSite","@id":"https:\/\/www.savoydubai.com\/de\/#website","url":"https:\/\/www.savoydubai.com\/de\/","name":"Savoy Dubai","description":"Just another ms.decms.eu site","potentialAction":[{"@type":"SearchAction","target":{"@type":"EntryPoint","urlTemplate":"https:\/\/www.savoydubai.com\/de\/?s={search_term_string}"},"query-input":{"@type":"PropertyValueSpecification","valueRequired":true,"valueName":"search_term_string"}}],"inLanguage":"de-DE"}]}},"acf":[],"_links":{"self":[{"href":"https:\/\/www.savoydubai.com\/de\/wp-json\/wp\/v2\/pages\/300","targetHints":{"allow":["GET"]}}],"collection":[{"href":"https:\/\/www.savoydubai.com\/de\/wp-json\/wp\/v2\/pages"}],"about":[{"href":"https:\/\/www.savoydubai.com\/de\/wp-json\/wp\/v2\/types\/page"}],"author":[{"embeddable":true,"href":"https:\/\/www.savoydubai.com\/de\/wp-json\/wp\/v2\/users\/17"}],"replies":[{"embeddable":true,"href":"https:\/\/www.savoydubai.com\/de\/wp-json\/wp\/v2\/comments?post=300"}],"version-history":[{"count":0,"href":"https:\/\/www.savoydubai.com\/de\/wp-json\/wp\/v2\/pages\/300\/revisions"}],"up":[{"embeddable":true,"href":"https:\/\/www.savoydubai.com\/de\/wp-json\/wp\/v2\/pages\/291"}],"wp:attachment":[{"href":"https:\/\/www.savoydubai.com\/de\/wp-json\/wp\/v2\/media?parent=300"}],"curies":[{"name":"wp","href":"https:\/\/api.w.org\/{rel}","templated":true}]}}