{"id":291,"date":"2020-07-08T16:21:03","date_gmt":"2020-07-08T16:21:03","guid":{"rendered":"http:\/\/savoy-dubai.ms.decms.eu\/?page_id=291"},"modified":"2020-10-08T14:11:12","modified_gmt":"2020-10-08T14:11:12","slug":"savoy-crest","status":"publish","type":"page","link":"https:\/\/www.savoydubai.com\/de\/savoy-crest\/","title":{"rendered":"Savoy Crest"},"content":{"rendered":"<p>Die G\u00e4ste des Savoy Crest Hotel Apartments sch\u00e4tzen diese beliebten Boutique-Hotel-Apartments besonders f\u00fcr den herzlichen und zuvorkommenden Service. In dieser beliebten Unterkunft in Dubai haben Sie Zugang auf eine Vielzahl von Einrichtungen, zu denen Au\u00dfenpool, eine Sauna, ein Dampfbad, ein Whirlpool, ein rund um die Uhr ge\u00f6ffnetes Fitnessstudio und Highspeed-Internet in allen Bereichen des Hotels geh\u00f6ren.<\/p>\n<p>Das Savoy Crest liegt zentral im Herzen von Bur Dubai und verf\u00fcgt \u00fcber 112 Apartments, die aus Studio-Zimmern, Apartments mit einem Schlafzimmer und miteinander verbundenen Suiten mit zwei Schlafzimmern bestehen. Alle Zimmer verf\u00fcgen \u00fcber eine voll ausgestattete K\u00fcche, in der Sie jederzeit eine leichte Mahlzeit zubereiten und genie\u00dfen k\u00f6nnen, und einem separaten Wohnbereich.<\/p>\n<p>Der ganzt\u00e4gig ge\u00f6ffnete Coffee-Shop bietet Fr\u00fchst\u00fcck, Mittag- und Abendessen sowie leckere kleine K\u00f6stlichkeiten f\u00fcr jeden Geschmack.<\/p>\n<p>Das Savoy Crest befindet sich in unmittelbarer N\u00e4he der Einkaufs- und Kulturviertel der Stadt und nur wenige Gehminuten von den U-Bahn-Haltestellen und dem Einkaufszentrum BurJuman entfernt. F\u00fcr alle G\u00e4ste gibt es eine t\u00e4gliche Busverbindung zum nahe gelegenen Strand \u201eLa Mer\u201c in Jumeirah; Strandmatten und Badehandt\u00fccher werden kostenlos im Bus zur Verf\u00fcgung gestellt.<\/p>\n<p>Wir haben mehrere Auszeichnungen als Anerkennung f\u00fcr unser Engagement f\u00fcr das Umweltbewusstsein erhalten. Gewinner des Dubai Green Tourism Award 2010\/2012\/2015 und des Middle East Sustainable Hotel Award 2013\/2014.<\/p>\n","protected":false},"excerpt":{"rendered":"<p>Die Hotel-Apartments des zentral gelegenen Savoy Crest bieten den G\u00e4sten mit ihren ger\u00e4umigen Studio-Zimmern und Suite-Optionen mit zwei Schlafzimmern eine moderne und zeitgem\u00e4\u00dfe Erfahrung.<\/p>\n","protected":false},"author":7,"featured_media":0,"parent":0,"menu_order":30,"comment_status":"closed","ping_status":"closed","template":"template-hotel.php","meta":{"footnotes":""},"class_list":["post-291","page","type-page","status-publish","hentry"],"yoast_head":"<!-- This site is optimized with the Yoast SEO plugin v26.9 - https:\/\/yoast.com\/product\/yoast-seo-wordpress\/ -->\n<title>Savoy Crest - Savoy Dubai<\/title>\n<meta name=\"robots\" content=\"index, follow, max-snippet:-1, max-image-preview:large, max-video-preview:-1\" \/>\n<link rel=\"canonical\" href=\"https:\/\/www.savoydubai.com\/de\/savoy-crest\/\" \/>\n<meta property=\"og:locale\" content=\"de_DE\" \/>\n<meta property=\"og:type\" content=\"article\" \/>\n<meta property=\"og:title\" content=\"Savoy Crest - Savoy Dubai\" \/>\n<meta property=\"og:description\" content=\"Die Hotel-Apartments des zentral gelegenen Savoy Crest bieten den G\u00e4sten mit ihren ger\u00e4umigen Studio-Zimmern und Suite-Optionen mit zwei Schlafzimmern eine moderne und zeitgem\u00e4\u00dfe Erfahrung.\" \/>\n<meta property=\"og:url\" content=\"https:\/\/www.savoydubai.com\/de\/savoy-crest\/\" \/>\n<meta property=\"og:site_name\" content=\"Savoy Dubai\" \/>\n<meta property=\"article:modified_time\" content=\"2020-10-08T14:11:12+00:00\" \/>\n<meta name=\"twitter:card\" content=\"summary_large_image\" \/>\n<meta name=\"twitter:label1\" content=\"Gesch\u00e4tzte Lesezeit\" \/>\n\t<meta name=\"twitter:data1\" content=\"1 Minute\" \/>\n<script type=\"application\/ld+json\" class=\"yoast-schema-graph\">{\"@context\":\"https:\/\/schema.org\",\"@graph\":[{\"@type\":\"WebPage\",\"@id\":\"https:\/\/www.savoydubai.com\/de\/savoy-crest\/\",\"url\":\"https:\/\/www.savoydubai.com\/de\/savoy-crest\/\",\"name\":\"Savoy Crest - Savoy Dubai\",\"isPartOf\":{\"@id\":\"https:\/\/www.savoydubai.com\/de\/#website\"},\"datePublished\":\"2020-07-08T16:21:03+00:00\",\"dateModified\":\"2020-10-08T14:11:12+00:00\",\"breadcrumb\":{\"@id\":\"https:\/\/www.savoydubai.com\/de\/savoy-crest\/#breadcrumb\"},\"inLanguage\":\"de-DE\",\"potentialAction\":[{\"@type\":\"ReadAction\",\"target\":[\"https:\/\/www.savoydubai.com\/de\/savoy-crest\/\"]}]},{\"@type\":\"BreadcrumbList\",\"@id\":\"https:\/\/www.savoydubai.com\/de\/savoy-crest\/#breadcrumb\",\"itemListElement\":[{\"@type\":\"ListItem\",\"position\":1,\"name\":\"Home\",\"item\":\"https:\/\/www.savoydubai.com\/de\/\"},{\"@type\":\"ListItem\",\"position\":2,\"name\":\"Savoy Crest\"}]},{\"@type\":\"WebSite\",\"@id\":\"https:\/\/www.savoydubai.com\/de\/#website\",\"url\":\"https:\/\/www.savoydubai.com\/de\/\",\"name\":\"Savoy Dubai\",\"description\":\"Just another ms.decms.eu site\",\"potentialAction\":[{\"@type\":\"SearchAction\",\"target\":{\"@type\":\"EntryPoint\",\"urlTemplate\":\"https:\/\/www.savoydubai.com\/de\/?s={search_term_string}\"},\"query-input\":{\"@type\":\"PropertyValueSpecification\",\"valueRequired\":true,\"valueName\":\"search_term_string\"}}],\"inLanguage\":\"de-DE\"}]}<\/script>\n<!-- \/ Yoast SEO plugin. -->","yoast_head_json":{"title":"Savoy Crest - Savoy Dubai","robots":{"index":"index","follow":"follow","max-snippet":"max-snippet:-1","max-image-preview":"max-image-preview:large","max-video-preview":"max-video-preview:-1"},"canonical":"https:\/\/www.savoydubai.com\/de\/savoy-crest\/","og_locale":"de_DE","og_type":"article","og_title":"Savoy Crest - Savoy Dubai","og_description":"Die Hotel-Apartments des zentral gelegenen Savoy Crest bieten den G\u00e4sten mit ihren ger\u00e4umigen Studio-Zimmern und Suite-Optionen mit zwei Schlafzimmern eine moderne und zeitgem\u00e4\u00dfe Erfahrung.","og_url":"https:\/\/www.savoydubai.com\/de\/savoy-crest\/","og_site_name":"Savoy Dubai","article_modified_time":"2020-10-08T14:11:12+00:00","twitter_card":"summary_large_image","twitter_misc":{"Gesch\u00e4tzte Lesezeit":"1 Minute"},"schema":{"@context":"https:\/\/schema.org","@graph":[{"@type":"WebPage","@id":"https:\/\/www.savoydubai.com\/de\/savoy-crest\/","url":"https:\/\/www.savoydubai.com\/de\/savoy-crest\/","name":"Savoy Crest - Savoy Dubai","isPartOf":{"@id":"https:\/\/www.savoydubai.com\/de\/#website"},"datePublished":"2020-07-08T16:21:03+00:00","dateModified":"2020-10-08T14:11:12+00:00","breadcrumb":{"@id":"https:\/\/www.savoydubai.com\/de\/savoy-crest\/#breadcrumb"},"inLanguage":"de-DE","potentialAction":[{"@type":"ReadAction","target":["https:\/\/www.savoydubai.com\/de\/savoy-crest\/"]}]},{"@type":"BreadcrumbList","@id":"https:\/\/www.savoydubai.com\/de\/savoy-crest\/#breadcrumb","itemListElement":[{"@type":"ListItem","position":1,"name":"Home","item":"https:\/\/www.savoydubai.com\/de\/"},{"@type":"ListItem","position":2,"name":"Savoy Crest"}]},{"@type":"WebSite","@id":"https:\/\/www.savoydubai.com\/de\/#website","url":"https:\/\/www.savoydubai.com\/de\/","name":"Savoy Dubai","description":"Just another ms.decms.eu site","potentialAction":[{"@type":"SearchAction","target":{"@type":"EntryPoint","urlTemplate":"https:\/\/www.savoydubai.com\/de\/?s={search_term_string}"},"query-input":{"@type":"PropertyValueSpecification","valueRequired":true,"valueName":"search_term_string"}}],"inLanguage":"de-DE"}]}},"acf":[],"_links":{"self":[{"href":"https:\/\/www.savoydubai.com\/de\/wp-json\/wp\/v2\/pages\/291","targetHints":{"allow":["GET"]}}],"collection":[{"href":"https:\/\/www.savoydubai.com\/de\/wp-json\/wp\/v2\/pages"}],"about":[{"href":"https:\/\/www.savoydubai.com\/de\/wp-json\/wp\/v2\/types\/page"}],"author":[{"embeddable":true,"href":"https:\/\/www.savoydubai.com\/de\/wp-json\/wp\/v2\/users\/7"}],"replies":[{"embeddable":true,"href":"https:\/\/www.savoydubai.com\/de\/wp-json\/wp\/v2\/comments?post=291"}],"version-history":[{"count":0,"href":"https:\/\/www.savoydubai.com\/de\/wp-json\/wp\/v2\/pages\/291\/revisions"}],"wp:attachment":[{"href":"https:\/\/www.savoydubai.com\/de\/wp-json\/wp\/v2\/media?parent=291"}],"curies":[{"name":"wp","href":"https:\/\/api.w.org\/{rel}","templated":true}]}}