{"id":287,"date":"2020-07-08T15:57:02","date_gmt":"2020-07-08T15:57:02","guid":{"rendered":"http:\/\/savoy-dubai.ms.decms.eu\/?page_id=287"},"modified":"2020-10-20T13:04:41","modified_gmt":"2020-10-20T13:04:41","slug":"savoy-suites","status":"publish","type":"page","link":"https:\/\/www.savoydubai.com\/de\/savoy-suites\/","title":{"rendered":"Savoy Suites"},"content":{"rendered":"<p>Savoy Suites bietet High-End-Luxus und einen herzlichen Service und ist damit die erste Wahl f\u00fcr anspruchsvolle Reisende. Dieses urbane Refugium verf\u00fcgt \u00fcber 100 klassische Studios und 12 hochwertige Suiten mit zwei Schlafzimmern, modernen Annehmlichkeiten und voll ausgestatteten Kochnischen.<\/p>\n<p>Das Savoy Suites sorgt mit Highspeed-Internet, einem beheizten Au\u00dfenpool, Jacuzzi, Sauna und Dampfbad daf\u00fcr, dass jeder Aufenthalt zu einem exquisiten und einzigartigen Erlebnis wird.<\/p>\n<p>Der Coffee-Shop serviert Fr\u00fchst\u00fcck, Mittagessen, Abendessen und kleine K\u00f6stlichkeiten f\u00fcr jeden Geschmack.<\/p>\n<p>Das Savoy Suites befindet sich in einer erstklassigen Lage mit bequemer Anbindung an die Sheikh Zayed Road, das World Trade Centre und die Einkaufs- und Kulturviertel von Dubai.<\/p>\n<p>Zwei U-Bahn-Haltestellen, Superm\u00e4rkte und das nahe gelegene Einkaufszentrum BurJuman sind zu Fu\u00df erreichbar.<\/p>\n<p>F\u00fcr alle G\u00e4ste gibt es eine t\u00e4gliche kostenlose Busverbindung zum nur 5\u00a0km entfernt gelegenen Strand \u201eLa Mer\u201c in Jumeirah; Strandmatten und Badehandt\u00fccher werden kostenlos im Bus zur Verf\u00fcgung gestellt.<\/p>\n<p>Gewinner des Dubai Green Tourism Award 2012\/2017\/2019 und des Middle East Sustainable Hotel Award 2014 &amp; 2016.<\/p>\n","protected":false},"excerpt":{"rendered":"<p>Savoy Suites Hotel Apartments ist ein elegantes, inspirierendes Apartment-Hotel in Dubai, das seinen G\u00e4sten luxuri\u00f6se und moderne Zimmer f\u00fcr einen komfortablen Aufenthalt bietet.<\/p>\n","protected":false},"author":36,"featured_media":0,"parent":0,"menu_order":20,"comment_status":"closed","ping_status":"closed","template":"template-hotel.php","meta":{"footnotes":""},"class_list":["post-287","page","type-page","status-publish","hentry"],"yoast_head":"<!-- This site is optimized with the Yoast SEO plugin v26.9 - https:\/\/yoast.com\/product\/yoast-seo-wordpress\/ -->\n<title>Savoy Suites - Savoy Dubai<\/title>\n<meta name=\"robots\" content=\"index, follow, max-snippet:-1, max-image-preview:large, max-video-preview:-1\" \/>\n<link rel=\"canonical\" href=\"https:\/\/www.savoydubai.com\/de\/savoy-suites\/\" \/>\n<meta property=\"og:locale\" content=\"de_DE\" \/>\n<meta property=\"og:type\" content=\"article\" \/>\n<meta property=\"og:title\" content=\"Savoy Suites - Savoy Dubai\" \/>\n<meta property=\"og:description\" content=\"Savoy Suites Hotel Apartments ist ein elegantes, inspirierendes Apartment-Hotel in Dubai, das seinen G\u00e4sten luxuri\u00f6se und moderne Zimmer f\u00fcr einen komfortablen Aufenthalt bietet.\" \/>\n<meta property=\"og:url\" content=\"https:\/\/www.savoydubai.com\/de\/savoy-suites\/\" \/>\n<meta property=\"og:site_name\" content=\"Savoy Dubai\" \/>\n<meta property=\"article:modified_time\" content=\"2020-10-20T13:04:41+00:00\" \/>\n<meta name=\"twitter:card\" content=\"summary_large_image\" \/>\n<meta name=\"twitter:label1\" content=\"Gesch\u00e4tzte Lesezeit\" \/>\n\t<meta name=\"twitter:data1\" content=\"1 Minute\" \/>\n<script type=\"application\/ld+json\" class=\"yoast-schema-graph\">{\"@context\":\"https:\/\/schema.org\",\"@graph\":[{\"@type\":\"WebPage\",\"@id\":\"https:\/\/www.savoydubai.com\/de\/savoy-suites\/\",\"url\":\"https:\/\/www.savoydubai.com\/de\/savoy-suites\/\",\"name\":\"Savoy Suites - Savoy Dubai\",\"isPartOf\":{\"@id\":\"https:\/\/www.savoydubai.com\/de\/#website\"},\"datePublished\":\"2020-07-08T15:57:02+00:00\",\"dateModified\":\"2020-10-20T13:04:41+00:00\",\"breadcrumb\":{\"@id\":\"https:\/\/www.savoydubai.com\/de\/savoy-suites\/#breadcrumb\"},\"inLanguage\":\"de-DE\",\"potentialAction\":[{\"@type\":\"ReadAction\",\"target\":[\"https:\/\/www.savoydubai.com\/de\/savoy-suites\/\"]}]},{\"@type\":\"BreadcrumbList\",\"@id\":\"https:\/\/www.savoydubai.com\/de\/savoy-suites\/#breadcrumb\",\"itemListElement\":[{\"@type\":\"ListItem\",\"position\":1,\"name\":\"Home\",\"item\":\"https:\/\/www.savoydubai.com\/de\/\"},{\"@type\":\"ListItem\",\"position\":2,\"name\":\"Savoy Suites\"}]},{\"@type\":\"WebSite\",\"@id\":\"https:\/\/www.savoydubai.com\/de\/#website\",\"url\":\"https:\/\/www.savoydubai.com\/de\/\",\"name\":\"Savoy Dubai\",\"description\":\"Just another ms.decms.eu site\",\"potentialAction\":[{\"@type\":\"SearchAction\",\"target\":{\"@type\":\"EntryPoint\",\"urlTemplate\":\"https:\/\/www.savoydubai.com\/de\/?s={search_term_string}\"},\"query-input\":{\"@type\":\"PropertyValueSpecification\",\"valueRequired\":true,\"valueName\":\"search_term_string\"}}],\"inLanguage\":\"de-DE\"}]}<\/script>\n<!-- \/ Yoast SEO plugin. -->","yoast_head_json":{"title":"Savoy Suites - Savoy Dubai","robots":{"index":"index","follow":"follow","max-snippet":"max-snippet:-1","max-image-preview":"max-image-preview:large","max-video-preview":"max-video-preview:-1"},"canonical":"https:\/\/www.savoydubai.com\/de\/savoy-suites\/","og_locale":"de_DE","og_type":"article","og_title":"Savoy Suites - Savoy Dubai","og_description":"Savoy Suites Hotel Apartments ist ein elegantes, inspirierendes Apartment-Hotel in Dubai, das seinen G\u00e4sten luxuri\u00f6se und moderne Zimmer f\u00fcr einen komfortablen Aufenthalt bietet.","og_url":"https:\/\/www.savoydubai.com\/de\/savoy-suites\/","og_site_name":"Savoy Dubai","article_modified_time":"2020-10-20T13:04:41+00:00","twitter_card":"summary_large_image","twitter_misc":{"Gesch\u00e4tzte Lesezeit":"1 Minute"},"schema":{"@context":"https:\/\/schema.org","@graph":[{"@type":"WebPage","@id":"https:\/\/www.savoydubai.com\/de\/savoy-suites\/","url":"https:\/\/www.savoydubai.com\/de\/savoy-suites\/","name":"Savoy Suites - Savoy Dubai","isPartOf":{"@id":"https:\/\/www.savoydubai.com\/de\/#website"},"datePublished":"2020-07-08T15:57:02+00:00","dateModified":"2020-10-20T13:04:41+00:00","breadcrumb":{"@id":"https:\/\/www.savoydubai.com\/de\/savoy-suites\/#breadcrumb"},"inLanguage":"de-DE","potentialAction":[{"@type":"ReadAction","target":["https:\/\/www.savoydubai.com\/de\/savoy-suites\/"]}]},{"@type":"BreadcrumbList","@id":"https:\/\/www.savoydubai.com\/de\/savoy-suites\/#breadcrumb","itemListElement":[{"@type":"ListItem","position":1,"name":"Home","item":"https:\/\/www.savoydubai.com\/de\/"},{"@type":"ListItem","position":2,"name":"Savoy Suites"}]},{"@type":"WebSite","@id":"https:\/\/www.savoydubai.com\/de\/#website","url":"https:\/\/www.savoydubai.com\/de\/","name":"Savoy Dubai","description":"Just another ms.decms.eu site","potentialAction":[{"@type":"SearchAction","target":{"@type":"EntryPoint","urlTemplate":"https:\/\/www.savoydubai.com\/de\/?s={search_term_string}"},"query-input":{"@type":"PropertyValueSpecification","valueRequired":true,"valueName":"search_term_string"}}],"inLanguage":"de-DE"}]}},"acf":[],"_links":{"self":[{"href":"https:\/\/www.savoydubai.com\/de\/wp-json\/wp\/v2\/pages\/287","targetHints":{"allow":["GET"]}}],"collection":[{"href":"https:\/\/www.savoydubai.com\/de\/wp-json\/wp\/v2\/pages"}],"about":[{"href":"https:\/\/www.savoydubai.com\/de\/wp-json\/wp\/v2\/types\/page"}],"author":[{"embeddable":true,"href":"https:\/\/www.savoydubai.com\/de\/wp-json\/wp\/v2\/users\/36"}],"replies":[{"embeddable":true,"href":"https:\/\/www.savoydubai.com\/de\/wp-json\/wp\/v2\/comments?post=287"}],"version-history":[{"count":0,"href":"https:\/\/www.savoydubai.com\/de\/wp-json\/wp\/v2\/pages\/287\/revisions"}],"wp:attachment":[{"href":"https:\/\/www.savoydubai.com\/de\/wp-json\/wp\/v2\/media?parent=287"}],"curies":[{"name":"wp","href":"https:\/\/api.w.org\/{rel}","templated":true}]}}