{"id":262,"date":"2020-07-06T08:19:40","date_gmt":"2020-07-06T08:19:40","guid":{"rendered":"http:\/\/savoy-dubai.ms.decms.eu\/services\/"},"modified":"2020-10-17T14:31:08","modified_gmt":"2020-10-17T14:31:08","slug":"dienstleistungen","status":"publish","type":"page","link":"https:\/\/www.savoydubai.com\/de\/savoy-crest\/dienstleistungen\/","title":{"rendered":"Dienstleistungen"},"content":{"rendered":"<p>Im Savoy Crest k\u00f6nnen unsere G\u00e4ste eine Vielzahl von Dienstleistungen und Einrichtungen nutzen, die daf\u00fcr sorgen sollen, unseren G\u00e4sten ein unvergessliches Urlaubserlebnis zu gew\u00e4hrleisten.<\/p>\n<p>Alle G\u00e4ste, die in unseren m\u00f6blierten Apartments in Dubai \u00fcbernachten, k\u00f6nnen, unabh\u00e4ngig davon, ob sie sich f\u00fcr eines unserer miteinander verbundenen Schlafzimmer, eine unserer Studio-Suites oder eines unserer klassischen Einzimmer-Apartments entschieden haben, die hervorragenden Freizeiteinrichtungen vor Ort nutzen. Eines der besten Elemente eines Urlaubs ist immer, sich ein bisschen Zeit f\u00fcr sich selbst zu nehmen, weshalb Sie sich in unseren Freizeiteinrichtungen mit den vielen angebotenen Aktivit\u00e4ten eine Pause vom Stress g\u00f6nnen k\u00f6nnen.<\/p>\n<p>Zu den verf\u00fcgbaren Einrichtungen des Savoy Crest geh\u00f6ren ein temperaturgeregelter Au\u00dfenpool, ein Kinderbecken, ein Whirlpool, eine Sauna und ein Dampfbad. Egal, ob Sie Lust haben, kurz laufen zu gehen oder leichte Gewichten zu stemmen \u2013 das modern eingerichtete Fitnessstudio bietet Ihnen eine gro\u00dfe Palette von Ger\u00e4ten.<\/p>\n<p>F\u00fcr alle G\u00e4ste gibt es eine t\u00e4gliche Busverbindung vom Hotel zum nahe gelegenen Strand \u201eLa Mer\u201c in Jumeirah. Badehandt\u00fccher und Strandmatten werden allen G\u00e4sten im Bus kostenlos zur Verf\u00fcgung gestellt.<\/p>\n<p>Eintrittskarten f\u00fcr Vergn\u00fcgungsparks, Stadtrundfahrten und alle lokalen Sehensw\u00fcrdigkeiten sind an der Rezeption zu erm\u00e4\u00dfigten Preisen erh\u00e4ltlich.<\/p>\n<p>Mit Ihrer Wahl des Savoy Crest entscheiden Sie sich f\u00fcr einen Aufenthalt in der g\u00fcnstigsten Lage in der Region Bur Dubai. Alle unsere ger\u00e4umigen Zimmer bieten Ihnen einen separaten Bereich, in dem Sie bequem von zu Hause aus arbeiten und sich in einer ruhigen Umgebung entspannen k\u00f6nnen. Unsere Mitarbeiter sorgen daf\u00fcr, dass alle von ihnen erbrachten Dienstleistungen immer den h\u00f6chsten Standards entsprechen.<\/p>\n","protected":false},"excerpt":{"rendered":"<p>Im Savoy Crest k\u00f6nnen unsere G\u00e4ste eine Vielzahl von Dienstleistungen und Einrichtungen nutzen, die daf\u00fcr sorgen sollen, unseren G\u00e4sten ein unvergessliches Urlaubserlebnis zu gew\u00e4hrleisten. Alle G\u00e4ste, die in unseren m\u00f6blierten Apartments in Dubai \u00fcbernachten, k\u00f6nnen, unabh\u00e4ngig davon, ob sie sich f\u00fcr eines unserer miteinander verbundenen Schlafzimmer, eine unserer Studio-Suites oder eines unserer klassischen Einzimmer-Apartments entschieden [&hellip;]<\/p>\n","protected":false},"author":17,"featured_media":0,"parent":291,"menu_order":20,"comment_status":"closed","ping_status":"closed","template":"template-hotel-services.php","meta":{"footnotes":""},"class_list":["post-262","page","type-page","status-publish","hentry"],"yoast_head":"<!-- This site is optimized with the Yoast SEO plugin v26.9 - https:\/\/yoast.com\/product\/yoast-seo-wordpress\/ -->\n<title>Dienstleistungen - Savoy Dubai<\/title>\n<meta name=\"robots\" content=\"index, follow, max-snippet:-1, max-image-preview:large, max-video-preview:-1\" \/>\n<link rel=\"canonical\" href=\"https:\/\/www.savoydubai.com\/de\/savoy-crest\/dienstleistungen\/\" \/>\n<meta property=\"og:locale\" content=\"de_DE\" \/>\n<meta property=\"og:type\" content=\"article\" \/>\n<meta property=\"og:title\" content=\"Dienstleistungen - Savoy Dubai\" \/>\n<meta property=\"og:description\" content=\"Im Savoy Crest k\u00f6nnen unsere G\u00e4ste eine Vielzahl von Dienstleistungen und Einrichtungen nutzen, die daf\u00fcr sorgen sollen, unseren G\u00e4sten ein unvergessliches Urlaubserlebnis zu gew\u00e4hrleisten. Alle G\u00e4ste, die in unseren m\u00f6blierten Apartments in Dubai \u00fcbernachten, k\u00f6nnen, unabh\u00e4ngig davon, ob sie sich f\u00fcr eines unserer miteinander verbundenen Schlafzimmer, eine unserer Studio-Suites oder eines unserer klassischen Einzimmer-Apartments entschieden [&hellip;]\" \/>\n<meta property=\"og:url\" content=\"https:\/\/www.savoydubai.com\/de\/savoy-crest\/dienstleistungen\/\" \/>\n<meta property=\"og:site_name\" content=\"Savoy Dubai\" \/>\n<meta property=\"article:modified_time\" content=\"2020-10-17T14:31:08+00:00\" \/>\n<meta name=\"twitter:card\" content=\"summary_large_image\" \/>\n<meta name=\"twitter:label1\" content=\"Gesch\u00e4tzte Lesezeit\" \/>\n\t<meta name=\"twitter:data1\" content=\"1 Minute\" \/>\n<script type=\"application\/ld+json\" class=\"yoast-schema-graph\">{\"@context\":\"https:\/\/schema.org\",\"@graph\":[{\"@type\":\"WebPage\",\"@id\":\"https:\/\/www.savoydubai.com\/de\/savoy-crest\/dienstleistungen\/\",\"url\":\"https:\/\/www.savoydubai.com\/de\/savoy-crest\/dienstleistungen\/\",\"name\":\"Dienstleistungen - Savoy Dubai\",\"isPartOf\":{\"@id\":\"https:\/\/www.savoydubai.com\/de\/#website\"},\"datePublished\":\"2020-07-06T08:19:40+00:00\",\"dateModified\":\"2020-10-17T14:31:08+00:00\",\"breadcrumb\":{\"@id\":\"https:\/\/www.savoydubai.com\/de\/savoy-crest\/dienstleistungen\/#breadcrumb\"},\"inLanguage\":\"de-DE\",\"potentialAction\":[{\"@type\":\"ReadAction\",\"target\":[\"https:\/\/www.savoydubai.com\/de\/savoy-crest\/dienstleistungen\/\"]}]},{\"@type\":\"BreadcrumbList\",\"@id\":\"https:\/\/www.savoydubai.com\/de\/savoy-crest\/dienstleistungen\/#breadcrumb\",\"itemListElement\":[{\"@type\":\"ListItem\",\"position\":1,\"name\":\"Home\",\"item\":\"https:\/\/www.savoydubai.com\/de\/\"},{\"@type\":\"ListItem\",\"position\":2,\"name\":\"Savoy Crest\",\"item\":\"https:\/\/www.savoydubai.com\/de\/savoy-crest\/\"},{\"@type\":\"ListItem\",\"position\":3,\"name\":\"Dienstleistungen\"}]},{\"@type\":\"WebSite\",\"@id\":\"https:\/\/www.savoydubai.com\/de\/#website\",\"url\":\"https:\/\/www.savoydubai.com\/de\/\",\"name\":\"Savoy Dubai\",\"description\":\"Just another ms.decms.eu site\",\"potentialAction\":[{\"@type\":\"SearchAction\",\"target\":{\"@type\":\"EntryPoint\",\"urlTemplate\":\"https:\/\/www.savoydubai.com\/de\/?s={search_term_string}\"},\"query-input\":{\"@type\":\"PropertyValueSpecification\",\"valueRequired\":true,\"valueName\":\"search_term_string\"}}],\"inLanguage\":\"de-DE\"}]}<\/script>\n<!-- \/ Yoast SEO plugin. -->","yoast_head_json":{"title":"Dienstleistungen - Savoy Dubai","robots":{"index":"index","follow":"follow","max-snippet":"max-snippet:-1","max-image-preview":"max-image-preview:large","max-video-preview":"max-video-preview:-1"},"canonical":"https:\/\/www.savoydubai.com\/de\/savoy-crest\/dienstleistungen\/","og_locale":"de_DE","og_type":"article","og_title":"Dienstleistungen - Savoy Dubai","og_description":"Im Savoy Crest k\u00f6nnen unsere G\u00e4ste eine Vielzahl von Dienstleistungen und Einrichtungen nutzen, die daf\u00fcr sorgen sollen, unseren G\u00e4sten ein unvergessliches Urlaubserlebnis zu gew\u00e4hrleisten. Alle G\u00e4ste, die in unseren m\u00f6blierten Apartments in Dubai \u00fcbernachten, k\u00f6nnen, unabh\u00e4ngig davon, ob sie sich f\u00fcr eines unserer miteinander verbundenen Schlafzimmer, eine unserer Studio-Suites oder eines unserer klassischen Einzimmer-Apartments entschieden [&hellip;]","og_url":"https:\/\/www.savoydubai.com\/de\/savoy-crest\/dienstleistungen\/","og_site_name":"Savoy Dubai","article_modified_time":"2020-10-17T14:31:08+00:00","twitter_card":"summary_large_image","twitter_misc":{"Gesch\u00e4tzte Lesezeit":"1 Minute"},"schema":{"@context":"https:\/\/schema.org","@graph":[{"@type":"WebPage","@id":"https:\/\/www.savoydubai.com\/de\/savoy-crest\/dienstleistungen\/","url":"https:\/\/www.savoydubai.com\/de\/savoy-crest\/dienstleistungen\/","name":"Dienstleistungen - Savoy Dubai","isPartOf":{"@id":"https:\/\/www.savoydubai.com\/de\/#website"},"datePublished":"2020-07-06T08:19:40+00:00","dateModified":"2020-10-17T14:31:08+00:00","breadcrumb":{"@id":"https:\/\/www.savoydubai.com\/de\/savoy-crest\/dienstleistungen\/#breadcrumb"},"inLanguage":"de-DE","potentialAction":[{"@type":"ReadAction","target":["https:\/\/www.savoydubai.com\/de\/savoy-crest\/dienstleistungen\/"]}]},{"@type":"BreadcrumbList","@id":"https:\/\/www.savoydubai.com\/de\/savoy-crest\/dienstleistungen\/#breadcrumb","itemListElement":[{"@type":"ListItem","position":1,"name":"Home","item":"https:\/\/www.savoydubai.com\/de\/"},{"@type":"ListItem","position":2,"name":"Savoy Crest","item":"https:\/\/www.savoydubai.com\/de\/savoy-crest\/"},{"@type":"ListItem","position":3,"name":"Dienstleistungen"}]},{"@type":"WebSite","@id":"https:\/\/www.savoydubai.com\/de\/#website","url":"https:\/\/www.savoydubai.com\/de\/","name":"Savoy Dubai","description":"Just another ms.decms.eu site","potentialAction":[{"@type":"SearchAction","target":{"@type":"EntryPoint","urlTemplate":"https:\/\/www.savoydubai.com\/de\/?s={search_term_string}"},"query-input":{"@type":"PropertyValueSpecification","valueRequired":true,"valueName":"search_term_string"}}],"inLanguage":"de-DE"}]}},"acf":[],"_links":{"self":[{"href":"https:\/\/www.savoydubai.com\/de\/wp-json\/wp\/v2\/pages\/262","targetHints":{"allow":["GET"]}}],"collection":[{"href":"https:\/\/www.savoydubai.com\/de\/wp-json\/wp\/v2\/pages"}],"about":[{"href":"https:\/\/www.savoydubai.com\/de\/wp-json\/wp\/v2\/types\/page"}],"author":[{"embeddable":true,"href":"https:\/\/www.savoydubai.com\/de\/wp-json\/wp\/v2\/users\/17"}],"replies":[{"embeddable":true,"href":"https:\/\/www.savoydubai.com\/de\/wp-json\/wp\/v2\/comments?post=262"}],"version-history":[{"count":0,"href":"https:\/\/www.savoydubai.com\/de\/wp-json\/wp\/v2\/pages\/262\/revisions"}],"up":[{"embeddable":true,"href":"https:\/\/www.savoydubai.com\/de\/wp-json\/wp\/v2\/pages\/291"}],"wp:attachment":[{"href":"https:\/\/www.savoydubai.com\/de\/wp-json\/wp\/v2\/media?parent=262"}],"curies":[{"name":"wp","href":"https:\/\/api.w.org\/{rel}","templated":true}]}}