{"id":1905,"date":"2020-10-09T14:53:24","date_gmt":"2020-10-09T14:53:24","guid":{"rendered":"http:\/\/savoy-dubai.ms.decms.eu\/?page_id=1905"},"modified":"2020-10-20T13:18:26","modified_gmt":"2020-10-20T13:18:26","slug":"studio-mit-verbindungstuer","status":"publish","type":"page","link":"https:\/\/www.savoydubai.com\/de\/savoy-park\/unterkuenfte\/studio-mit-verbindungstuer\/","title":{"rendered":"Studio mit Verbindungst\u00fcr"},"content":{"rendered":"<p>Das Studio mit Verbindungst\u00fcr des Savoy Park bietet Ihnen ein zweites Zuhause in der Ferne, das sich durch Luxus und Gastfreundschaft auszeichnet und in dem Sie sich entspannen und ganz wie zu Hause f\u00fchlen k\u00f6nnen.<br \/>\nDas Savoy Park wurde fachm\u00e4nnisch f\u00fcr ultimativen Komfort und Gelassenheit gestaltet, um sicherzustellen, dass alle G\u00e4ste einen au\u00dfergew\u00f6hnlichen Service erhalten und einen unvergesslichen Urlaub erleben. Die Studio-Apartments mit Verbindungst\u00fcr sind geschmackvoll auf Komfort und Stil ausgelegt und somit der perfekte Ort, um sich am Ende eines langen Tages zu entspannen.<\/p>\n","protected":false},"excerpt":{"rendered":"<p>Das Studio mit Verbindungst\u00fcr des Savoy Park bietet Ihnen ein zweites Zuhause in der Ferne, das sich durch Luxus und Gastfreundschaft auszeichnet und in dem Sie sich entspannen und ganz wie zu Hause f\u00fchlen k\u00f6nnen. Das Savoy Park wurde fachm\u00e4nnisch f\u00fcr ultimativen Komfort und Gelassenheit gestaltet, um sicherzustellen, dass alle G\u00e4ste einen au\u00dfergew\u00f6hnlichen Service erhalten [&hellip;]<\/p>\n","protected":false},"author":36,"featured_media":0,"parent":592,"menu_order":10,"comment_status":"closed","ping_status":"closed","template":"template-hotel-single-room.php","meta":{"footnotes":""},"class_list":["post-1905","page","type-page","status-publish","hentry"],"yoast_head":"<!-- This site is optimized with the Yoast SEO plugin v26.9 - https:\/\/yoast.com\/product\/yoast-seo-wordpress\/ -->\n<title>Studio mit Verbindungst\u00fcr - Savoy Dubai<\/title>\n<meta name=\"robots\" content=\"index, follow, max-snippet:-1, max-image-preview:large, max-video-preview:-1\" \/>\n<link rel=\"canonical\" href=\"https:\/\/www.savoydubai.com\/de\/savoy-park\/unterkuenfte\/studio-mit-verbindungstuer\/\" \/>\n<meta property=\"og:locale\" content=\"de_DE\" \/>\n<meta property=\"og:type\" content=\"article\" \/>\n<meta property=\"og:title\" content=\"Studio mit Verbindungst\u00fcr - Savoy Dubai\" \/>\n<meta property=\"og:description\" content=\"Das Studio mit Verbindungst\u00fcr des Savoy Park bietet Ihnen ein zweites Zuhause in der Ferne, das sich durch Luxus und Gastfreundschaft auszeichnet und in dem Sie sich entspannen und ganz wie zu Hause f\u00fchlen k\u00f6nnen. Das Savoy Park wurde fachm\u00e4nnisch f\u00fcr ultimativen Komfort und Gelassenheit gestaltet, um sicherzustellen, dass alle G\u00e4ste einen au\u00dfergew\u00f6hnlichen Service erhalten [&hellip;]\" \/>\n<meta property=\"og:url\" content=\"https:\/\/www.savoydubai.com\/de\/savoy-park\/unterkuenfte\/studio-mit-verbindungstuer\/\" \/>\n<meta property=\"og:site_name\" content=\"Savoy Dubai\" \/>\n<meta property=\"article:modified_time\" content=\"2020-10-20T13:18:26+00:00\" \/>\n<meta name=\"twitter:card\" content=\"summary_large_image\" \/>\n<script type=\"application\/ld+json\" class=\"yoast-schema-graph\">{\"@context\":\"https:\/\/schema.org\",\"@graph\":[{\"@type\":\"WebPage\",\"@id\":\"https:\/\/www.savoydubai.com\/de\/savoy-park\/unterkuenfte\/studio-mit-verbindungstuer\/\",\"url\":\"https:\/\/www.savoydubai.com\/de\/savoy-park\/unterkuenfte\/studio-mit-verbindungstuer\/\",\"name\":\"Studio mit Verbindungst\u00fcr - Savoy Dubai\",\"isPartOf\":{\"@id\":\"https:\/\/www.savoydubai.com\/de\/#website\"},\"datePublished\":\"2020-10-09T14:53:24+00:00\",\"dateModified\":\"2020-10-20T13:18:26+00:00\",\"breadcrumb\":{\"@id\":\"https:\/\/www.savoydubai.com\/de\/savoy-park\/unterkuenfte\/studio-mit-verbindungstuer\/#breadcrumb\"},\"inLanguage\":\"de-DE\",\"potentialAction\":[{\"@type\":\"ReadAction\",\"target\":[\"https:\/\/www.savoydubai.com\/de\/savoy-park\/unterkuenfte\/studio-mit-verbindungstuer\/\"]}]},{\"@type\":\"BreadcrumbList\",\"@id\":\"https:\/\/www.savoydubai.com\/de\/savoy-park\/unterkuenfte\/studio-mit-verbindungstuer\/#breadcrumb\",\"itemListElement\":[{\"@type\":\"ListItem\",\"position\":1,\"name\":\"Home\",\"item\":\"https:\/\/www.savoydubai.com\/de\/\"},{\"@type\":\"ListItem\",\"position\":2,\"name\":\"Savoy Park\",\"item\":\"https:\/\/www.savoydubai.com\/de\/savoy-park\/\"},{\"@type\":\"ListItem\",\"position\":3,\"name\":\"Unterk\u00fcnfte\",\"item\":\"https:\/\/www.savoydubai.com\/de\/savoy-park\/unterkuenfte\/\"},{\"@type\":\"ListItem\",\"position\":4,\"name\":\"Studio mit Verbindungst\u00fcr\"}]},{\"@type\":\"WebSite\",\"@id\":\"https:\/\/www.savoydubai.com\/de\/#website\",\"url\":\"https:\/\/www.savoydubai.com\/de\/\",\"name\":\"Savoy Dubai\",\"description\":\"Just another ms.decms.eu site\",\"potentialAction\":[{\"@type\":\"SearchAction\",\"target\":{\"@type\":\"EntryPoint\",\"urlTemplate\":\"https:\/\/www.savoydubai.com\/de\/?s={search_term_string}\"},\"query-input\":{\"@type\":\"PropertyValueSpecification\",\"valueRequired\":true,\"valueName\":\"search_term_string\"}}],\"inLanguage\":\"de-DE\"}]}<\/script>\n<!-- \/ Yoast SEO plugin. -->","yoast_head_json":{"title":"Studio mit Verbindungst\u00fcr - Savoy Dubai","robots":{"index":"index","follow":"follow","max-snippet":"max-snippet:-1","max-image-preview":"max-image-preview:large","max-video-preview":"max-video-preview:-1"},"canonical":"https:\/\/www.savoydubai.com\/de\/savoy-park\/unterkuenfte\/studio-mit-verbindungstuer\/","og_locale":"de_DE","og_type":"article","og_title":"Studio mit Verbindungst\u00fcr - Savoy Dubai","og_description":"Das Studio mit Verbindungst\u00fcr des Savoy Park bietet Ihnen ein zweites Zuhause in der Ferne, das sich durch Luxus und Gastfreundschaft auszeichnet und in dem Sie sich entspannen und ganz wie zu Hause f\u00fchlen k\u00f6nnen. Das Savoy Park wurde fachm\u00e4nnisch f\u00fcr ultimativen Komfort und Gelassenheit gestaltet, um sicherzustellen, dass alle G\u00e4ste einen au\u00dfergew\u00f6hnlichen Service erhalten [&hellip;]","og_url":"https:\/\/www.savoydubai.com\/de\/savoy-park\/unterkuenfte\/studio-mit-verbindungstuer\/","og_site_name":"Savoy Dubai","article_modified_time":"2020-10-20T13:18:26+00:00","twitter_card":"summary_large_image","schema":{"@context":"https:\/\/schema.org","@graph":[{"@type":"WebPage","@id":"https:\/\/www.savoydubai.com\/de\/savoy-park\/unterkuenfte\/studio-mit-verbindungstuer\/","url":"https:\/\/www.savoydubai.com\/de\/savoy-park\/unterkuenfte\/studio-mit-verbindungstuer\/","name":"Studio mit Verbindungst\u00fcr - Savoy Dubai","isPartOf":{"@id":"https:\/\/www.savoydubai.com\/de\/#website"},"datePublished":"2020-10-09T14:53:24+00:00","dateModified":"2020-10-20T13:18:26+00:00","breadcrumb":{"@id":"https:\/\/www.savoydubai.com\/de\/savoy-park\/unterkuenfte\/studio-mit-verbindungstuer\/#breadcrumb"},"inLanguage":"de-DE","potentialAction":[{"@type":"ReadAction","target":["https:\/\/www.savoydubai.com\/de\/savoy-park\/unterkuenfte\/studio-mit-verbindungstuer\/"]}]},{"@type":"BreadcrumbList","@id":"https:\/\/www.savoydubai.com\/de\/savoy-park\/unterkuenfte\/studio-mit-verbindungstuer\/#breadcrumb","itemListElement":[{"@type":"ListItem","position":1,"name":"Home","item":"https:\/\/www.savoydubai.com\/de\/"},{"@type":"ListItem","position":2,"name":"Savoy Park","item":"https:\/\/www.savoydubai.com\/de\/savoy-park\/"},{"@type":"ListItem","position":3,"name":"Unterk\u00fcnfte","item":"https:\/\/www.savoydubai.com\/de\/savoy-park\/unterkuenfte\/"},{"@type":"ListItem","position":4,"name":"Studio mit Verbindungst\u00fcr"}]},{"@type":"WebSite","@id":"https:\/\/www.savoydubai.com\/de\/#website","url":"https:\/\/www.savoydubai.com\/de\/","name":"Savoy Dubai","description":"Just another ms.decms.eu site","potentialAction":[{"@type":"SearchAction","target":{"@type":"EntryPoint","urlTemplate":"https:\/\/www.savoydubai.com\/de\/?s={search_term_string}"},"query-input":{"@type":"PropertyValueSpecification","valueRequired":true,"valueName":"search_term_string"}}],"inLanguage":"de-DE"}]}},"acf":[],"_links":{"self":[{"href":"https:\/\/www.savoydubai.com\/de\/wp-json\/wp\/v2\/pages\/1905","targetHints":{"allow":["GET"]}}],"collection":[{"href":"https:\/\/www.savoydubai.com\/de\/wp-json\/wp\/v2\/pages"}],"about":[{"href":"https:\/\/www.savoydubai.com\/de\/wp-json\/wp\/v2\/types\/page"}],"author":[{"embeddable":true,"href":"https:\/\/www.savoydubai.com\/de\/wp-json\/wp\/v2\/users\/36"}],"replies":[{"embeddable":true,"href":"https:\/\/www.savoydubai.com\/de\/wp-json\/wp\/v2\/comments?post=1905"}],"version-history":[{"count":0,"href":"https:\/\/www.savoydubai.com\/de\/wp-json\/wp\/v2\/pages\/1905\/revisions"}],"up":[{"embeddable":true,"href":"https:\/\/www.savoydubai.com\/de\/wp-json\/wp\/v2\/pages\/592"}],"wp:attachment":[{"href":"https:\/\/www.savoydubai.com\/de\/wp-json\/wp\/v2\/media?parent=1905"}],"curies":[{"name":"wp","href":"https:\/\/api.w.org\/{rel}","templated":true}]}}