{"id":1816,"date":"2020-10-08T13:55:55","date_gmt":"2020-10-08T13:55:55","guid":{"rendered":"http:\/\/savoy-dubai.ms.decms.eu\/?page_id=1816"},"modified":"2020-10-12T12:35:15","modified_gmt":"2020-10-12T12:35:15","slug":"langfristiger-aufenthalt","status":"publish","type":"page","link":"https:\/\/www.savoydubai.com\/de\/savoy-crest\/langfristiger-aufenthalt\/","title":{"rendered":"Langfristiger Aufenthalt"},"content":{"rendered":"<p>Wenn Sie nach einem Hotel-Apartment f\u00fcr einen l\u00e4ngeren Aufenthalt in Dubai suchen<strong>,<\/strong>\u00a0ist das Savoy Crest die ideale L\u00f6sung f\u00fcr Ihren Langzeitaufenthalt. Mit der Atmosph\u00e4re eines Boutique-Hotels, all dem Komfort von zu Hause und seiner herzlichen Gastfreundschaft ist das Savoy Crest die perfekte Unterkunft f\u00fcr Langzeitg\u00e4ste.<\/p>\n<p>Das Savoy Crest befindet sich in zentraler Lage im Herzen von Mankhool Bur Dubai und bietet Optionen zur monatlichen Anmiete, um Langzeitreisenden ein angenehmes und komfortables Zuhause in der Ferne zu bieten. Von Einrichtungen f\u00fcr die Freizeitgestaltung bis hin zu modernen Annehmlichkeiten f\u00fcr einen komfortablen Aufenthalt haben wir die ideale Unterkunft f\u00fcr Langzeitreisende geschaffen.<\/p>\n<p>W\u00e4hrend Ihres Aufenthalts im Savoy Crest Hotel Apartments in Dubai haben Sie die Wahl zwischen einem Apartment mit zwei Schlafzimmern, einer Studio-Suite oder einem klassischen Einzelzimmer-Apartment. All diese Zimmer wurden entworfen, um Ihnen einen luxuri\u00f6sen Aufenthalt zu bieten.<\/p>\n<p>Langzeitreisende m\u00f6chten sich in ihrer Unterkunft wohlf\u00fchlen, weshalb Ihre Gesundheit und Sicherheit im Savoy Crest an vorderster Stelle stehen. Wir reinigen und desinfizieren alle Bereiche in unseren Einrichtungen nach den h\u00f6chsten Standards.<\/p>\n<p>Jeder Aspekt Ihres Aufenthaltes wurde ber\u00fccksichtigt, um ihn so angenehm und gelassen wie m\u00f6glich zu gestalten.<\/p>\n<p>Mit der Wahl des Savoy Crest f\u00fcr ihren Aufenthalt in Dubai genie\u00dfen Langzeitg\u00e4ste auch ein gutes Preis-Leistungs-Verh\u00e4ltnis und Einsparungen im Vergleich zu einer Mietimmobilie.<\/p>\n<p>Neben all den luxuri\u00f6sen Elementen eines Hotels und der Atmosph\u00e4re ganz wie zu Hause profitieren Langzeitg\u00e4ste bei ihrem Aufenthalt im Savoy Crest auch von den folgenden Vorteilen:<\/p>\n<ul>\n<li>Keine beim Einzug an einen Makler oder Immobilienmakler zu zahlende Provision<\/li>\n<li>Keine Sicherheitskautionen erforderlich<\/li>\n<li>Wir arbeiten nach einem \u201ePay as you Stay\u201c-Modell, d.\u00a0h. Sie m\u00fcssen weder 3 Monate im Voraus bezahlen noch nachdatierte Schecks f\u00fcr zuk\u00fcnftige Monate ausstellen.<\/li>\n<li>Keine lokalen Wohngeb\u00fchren \u2013 Rera und Ejari<\/li>\n<li>Keine Verwaltungsgeb\u00fchren bei Verl\u00e4ngerung des Mietvertrags<\/li>\n<li>Keine Anzahlung f\u00fcr Stromanschluss oder monatliche Stromrechnungen (DEWA), da diese bereits in Ihrem Zimmerpreis enthalten sind<\/li>\n<li>Keine Notwendigkeit, einen Antrag auf eine Festnetzverbindung mit DU oder Etisalat zu stellen<\/li>\n<li>Keine Abonnements f\u00fcr TV- und Unterhaltungskan\u00e4le erforderlich<\/li>\n<li>Kostenlose Internetverbindung\u00a0\u2013 jedes Zimmer ist mit einem eigenen Top-End-Router ausgestattet.<\/li>\n<\/ul>\n<p>Mit Ihrer Wahl des Savoy Crest Dubai entscheiden Sie sich f\u00fcr einen luxuri\u00f6sen Aufenthalt in der Region Bur Dubai voller Entspannung und Ruhe und mit einem ausgezeichneten Preis-Leistungs-Verh\u00e4ltnis.<\/p>\n\n                <div class='gf_browser_gecko gform_wrapper' id='gform_wrapper_43' ><form method='post' enctype='multipart\/form-data'  id='gform_43'  action='\/de\/wp-json\/wp\/v2\/pages\/1816'>\n                        <div class='gform_heading'>\n                            <span class='gform_description'><\/span>\n                        <\/div>\n                        <div class='gform_body'><ul id='gform_fields_43' class='gform_fields top_label form_sublabel_below description_below'><li id='field_43_9'  class='gfield gfield_html gfield_html_formatted gfield_no_follows_desc field_sublabel_below field_description_below gfield_visibility_visible' ><h2 class=\"the-title uppercase centered\">\nAnfrage nach den besten Preisen\n<\/h2><\/li><li id='field_43_1'  class='gfield middle gfield_contains_required field_sublabel_below field_description_below gfield_visibility_visible' ><label class='gfield_label' for='input_43_1' >Vor- und Nachname<span class='gfield_required'>*<\/span><\/label><div class='ginput_container ginput_container_text'><input name='input_1' id='input_43_1' type='text' value='' class='medium'     aria-required=\"true\" aria-invalid=\"false\" \/><\/div><\/li><li id='field_43_3'  class='gfield middle gfield_contains_required field_sublabel_below field_description_below gfield_visibility_visible' ><label class='gfield_label' for='input_43_3' >E-Mail-Adresse<span class='gfield_required'>*<\/span><\/label><div class='ginput_container ginput_container_email'>\n                            <input name='input_3' id='input_43_3' type='text' value='' class='medium'    aria-required=\"true\" aria-invalid=\"false\" \/>\n                        <\/div><\/li><li id='field_43_4'  class='gfield middle field_sublabel_below field_description_below gfield_visibility_visible' ><label class='gfield_label' for='input_43_4' >Mobil-\/WhatsApp-Nr.<\/label><div class='ginput_container ginput_container_phone'><input name='input_4' id='input_43_4' type='text' value='' class='medium'    aria-invalid=\"false\"  \/><\/div><\/li><li id='field_43_8'  class='gfield middle gfield_contains_required field_sublabel_below field_description_below gfield_visibility_visible' ><label class='gfield_label' for='input_43_8' >Anreisedatum<span class='gfield_required'>*<\/span><\/label><div class='ginput_container ginput_container_date'>\n                            <input name='input_8' id='input_43_8' type='text' value='15\/04\/2026' class='datepicker medium dmy datepicker_with_icon'    aria-describedby='input_43_8_date_format' \/>\n                            <span id='input_43_8_date_format' class='screen-reader-text'>Date Format: TT Schr\u00e4gstrich MM Schr\u00e4gstrich JJJJ<\/span>\n                        <\/div>\n                        <input type='hidden' id='gforms_calendar_icon_input_43_8' class='gform_hidden' value='https:\/\/www.savoydubai.com\/wp-content\/plugins\/gravityforms\/images\/calendar.png'\/><\/li><li id='field_43_5'  class='gfield gfield_contains_required field_sublabel_below field_description_below gfield_visibility_visible' ><label class='gfield_label' for='input_43_5' >Nachricht<span class='gfield_required'>*<\/span><\/label><div class='ginput_container ginput_container_textarea'><textarea name='input_5' id='input_43_5' class='textarea medium'     aria-required=\"true\" aria-invalid=\"false\"   rows='10' cols='50'><\/textarea><\/div><\/li><li id='field_43_6'  class='gfield privacy-policy gfield_contains_required field_sublabel_below field_description_below gfield_visibility_visible' ><label class='gfield_label'  >Datenschutzrichtlinie<span class='gfield_required'>*<\/span><\/label><div class='ginput_container ginput_container_checkbox'><ul class='gfield_checkbox' id='input_43_6'><li class='gchoice_43_6_1'>\n\t\t\t\t\t\t\t\t<input name='input_6.1' type='checkbox'  value='*  Durch das Anklicken dieser Schaltfl\u00e4che erkl\u00e4ren Sie sich damit einverstanden, unsere &lt;a href=&quot;https:\/\/savoy-dubai.ms.decms.eu\/de\/savoy-crest\/datenschutz\/&quot;&gt;Datenschutzrichtlinie&lt;\/a&gt; zu akzeptieren'  id='choice_43_6_1'   \/>\n\t\t\t\t\t\t\t\t<label for='choice_43_6_1' id='label_43_6_1'>*  Durch das Anklicken dieser Schaltfl\u00e4che erkl\u00e4ren Sie sich damit einverstanden, unsere <a href=\"https:\/\/savoy-dubai.ms.decms.eu\/de\/savoy-crest\/datenschutz\/\">Datenschutzrichtlinie<\/a> zu akzeptieren<\/label>\n\t\t\t\t\t\t\t<\/li><\/ul><\/div><\/li><li id='field_43_7'  class='gfield required-fields gfield_html gfield_html_formatted gfield_no_follows_desc field_sublabel_below field_description_below gfield_visibility_visible' >* Pflichtfelder<\/li><li id='field_43_11'  class='gfield field_sublabel_below field_description_below gfield_visibility_visible' ><label class='gfield_label' for='input_43_11' >CAPTCHA<\/label><div id='input_43_11' class='ginput_container ginput_recaptcha' data-sitekey='6LfcmNsZAAAAAEcHpYogIloqCxisBmxa902I-tYC'  data-theme='light' data-tabindex='0'  data-badge=''><\/div><\/li><li id='field_43_12'  class='gfield gform_validation_container field_sublabel_below field_description_below gfield_visibility_visible' ><label class='gfield_label' for='input_43_12' >Name<\/label><div class='ginput_container'><input name='input_12' id='input_43_12' type='text' value='' \/><\/div><div class='gfield_description' id='gfield_description_43_12'>Dieses Feld dient zur Validierung und sollte nicht ver\u00e4ndert werden.<\/div><\/li>\n                            <\/ul><\/div>\n        <div class='gform_footer top_label'> <input type='submit' id='gform_submit_button_43' class='gform_button button' value='Nachricht senden'  onclick='if(window[\"gf_submitting_43\"]){return false;}  window[\"gf_submitting_43\"]=true;  ' onkeypress='if( event.keyCode == 13 ){ if(window[\"gf_submitting_43\"]){return false;} window[\"gf_submitting_43\"]=true;  jQuery(\"#gform_43\").trigger(\"submit\",[true]); }' \/> \n            <input type='hidden' class='gform_hidden' name='is_submit_43' value='1' \/>\n            <input type='hidden' class='gform_hidden' name='gform_submit' value='43' \/>\n            \n            <input type='hidden' class='gform_hidden' name='gform_unique_id' value='' \/>\n            <input type='hidden' class='gform_hidden' name='state_43' value='WyJbXSIsIjMzYmYyMWNkYTJhNzA4YTM1YzdlNzFmY2RiNzcyYTQwIl0=' \/>\n            <input type='hidden' class='gform_hidden' name='gform_target_page_number_43' id='gform_target_page_number_43' value='0' \/>\n            <input type='hidden' class='gform_hidden' name='gform_source_page_number_43' id='gform_source_page_number_43' value='1' \/>\n            <input type='hidden' name='gform_field_values' value='' \/>\n            \n        <\/div>\n                        <\/form>\n                        <\/div>\n","protected":false},"excerpt":{"rendered":"<p>Wenn Sie nach einem Hotel-Apartment f\u00fcr einen l\u00e4ngeren Aufenthalt in Dubai suchen,\u00a0ist das Savoy Crest die ideale L\u00f6sung f\u00fcr Ihren Langzeitaufenthalt. Mit der Atmosph\u00e4re eines Boutique-Hotels, all dem Komfort von zu Hause und seiner herzlichen Gastfreundschaft ist das Savoy Crest die perfekte Unterkunft f\u00fcr Langzeitg\u00e4ste. Das Savoy Crest befindet sich in zentraler Lage im Herzen [&hellip;]<\/p>\n","protected":false},"author":36,"featured_media":0,"parent":291,"menu_order":50,"comment_status":"closed","ping_status":"closed","template":"template-hotel-default.php","meta":{"footnotes":""},"class_list":["post-1816","page","type-page","status-publish","hentry"],"yoast_head":"<!-- This site is optimized with the Yoast SEO plugin v26.9 - https:\/\/yoast.com\/product\/yoast-seo-wordpress\/ -->\n<title>Langfristiger Aufenthalt - Savoy Dubai<\/title>\n<meta name=\"robots\" content=\"index, follow, max-snippet:-1, max-image-preview:large, max-video-preview:-1\" \/>\n<link rel=\"canonical\" href=\"https:\/\/www.savoydubai.com\/de\/savoy-crest\/langfristiger-aufenthalt\/\" \/>\n<meta property=\"og:locale\" content=\"de_DE\" \/>\n<meta property=\"og:type\" content=\"article\" \/>\n<meta property=\"og:title\" content=\"Langfristiger Aufenthalt - Savoy Dubai\" \/>\n<meta property=\"og:description\" content=\"Wenn Sie nach einem Hotel-Apartment f\u00fcr einen l\u00e4ngeren Aufenthalt in Dubai suchen,\u00a0ist das Savoy Crest die ideale L\u00f6sung f\u00fcr Ihren Langzeitaufenthalt. Mit der Atmosph\u00e4re eines Boutique-Hotels, all dem Komfort von zu Hause und seiner herzlichen Gastfreundschaft ist das Savoy Crest die perfekte Unterkunft f\u00fcr Langzeitg\u00e4ste. Das Savoy Crest befindet sich in zentraler Lage im Herzen [&hellip;]\" \/>\n<meta property=\"og:url\" content=\"https:\/\/www.savoydubai.com\/de\/savoy-crest\/langfristiger-aufenthalt\/\" \/>\n<meta property=\"og:site_name\" content=\"Savoy Dubai\" \/>\n<meta property=\"article:modified_time\" content=\"2020-10-12T12:35:15+00:00\" \/>\n<meta name=\"twitter:card\" content=\"summary_large_image\" \/>\n<meta name=\"twitter:label1\" content=\"Gesch\u00e4tzte Lesezeit\" \/>\n\t<meta name=\"twitter:data1\" content=\"2 Minuten\" \/>\n<script type=\"application\/ld+json\" class=\"yoast-schema-graph\">{\"@context\":\"https:\/\/schema.org\",\"@graph\":[{\"@type\":\"WebPage\",\"@id\":\"https:\/\/www.savoydubai.com\/de\/savoy-crest\/langfristiger-aufenthalt\/\",\"url\":\"https:\/\/www.savoydubai.com\/de\/savoy-crest\/langfristiger-aufenthalt\/\",\"name\":\"Langfristiger Aufenthalt - Savoy Dubai\",\"isPartOf\":{\"@id\":\"https:\/\/www.savoydubai.com\/de\/#website\"},\"datePublished\":\"2020-10-08T13:55:55+00:00\",\"dateModified\":\"2020-10-12T12:35:15+00:00\",\"breadcrumb\":{\"@id\":\"https:\/\/www.savoydubai.com\/de\/savoy-crest\/langfristiger-aufenthalt\/#breadcrumb\"},\"inLanguage\":\"de-DE\",\"potentialAction\":[{\"@type\":\"ReadAction\",\"target\":[\"https:\/\/www.savoydubai.com\/de\/savoy-crest\/langfristiger-aufenthalt\/\"]}]},{\"@type\":\"BreadcrumbList\",\"@id\":\"https:\/\/www.savoydubai.com\/de\/savoy-crest\/langfristiger-aufenthalt\/#breadcrumb\",\"itemListElement\":[{\"@type\":\"ListItem\",\"position\":1,\"name\":\"Home\",\"item\":\"https:\/\/www.savoydubai.com\/de\/\"},{\"@type\":\"ListItem\",\"position\":2,\"name\":\"Savoy Crest\",\"item\":\"https:\/\/www.savoydubai.com\/de\/savoy-crest\/\"},{\"@type\":\"ListItem\",\"position\":3,\"name\":\"Langfristiger Aufenthalt\"}]},{\"@type\":\"WebSite\",\"@id\":\"https:\/\/www.savoydubai.com\/de\/#website\",\"url\":\"https:\/\/www.savoydubai.com\/de\/\",\"name\":\"Savoy Dubai\",\"description\":\"Just another ms.decms.eu site\",\"potentialAction\":[{\"@type\":\"SearchAction\",\"target\":{\"@type\":\"EntryPoint\",\"urlTemplate\":\"https:\/\/www.savoydubai.com\/de\/?s={search_term_string}\"},\"query-input\":{\"@type\":\"PropertyValueSpecification\",\"valueRequired\":true,\"valueName\":\"search_term_string\"}}],\"inLanguage\":\"de-DE\"}]}<\/script>\n<!-- \/ Yoast SEO plugin. -->","yoast_head_json":{"title":"Langfristiger Aufenthalt - Savoy Dubai","robots":{"index":"index","follow":"follow","max-snippet":"max-snippet:-1","max-image-preview":"max-image-preview:large","max-video-preview":"max-video-preview:-1"},"canonical":"https:\/\/www.savoydubai.com\/de\/savoy-crest\/langfristiger-aufenthalt\/","og_locale":"de_DE","og_type":"article","og_title":"Langfristiger Aufenthalt - Savoy Dubai","og_description":"Wenn Sie nach einem Hotel-Apartment f\u00fcr einen l\u00e4ngeren Aufenthalt in Dubai suchen,\u00a0ist das Savoy Crest die ideale L\u00f6sung f\u00fcr Ihren Langzeitaufenthalt. Mit der Atmosph\u00e4re eines Boutique-Hotels, all dem Komfort von zu Hause und seiner herzlichen Gastfreundschaft ist das Savoy Crest die perfekte Unterkunft f\u00fcr Langzeitg\u00e4ste. Das Savoy Crest befindet sich in zentraler Lage im Herzen [&hellip;]","og_url":"https:\/\/www.savoydubai.com\/de\/savoy-crest\/langfristiger-aufenthalt\/","og_site_name":"Savoy Dubai","article_modified_time":"2020-10-12T12:35:15+00:00","twitter_card":"summary_large_image","twitter_misc":{"Gesch\u00e4tzte Lesezeit":"2 Minuten"},"schema":{"@context":"https:\/\/schema.org","@graph":[{"@type":"WebPage","@id":"https:\/\/www.savoydubai.com\/de\/savoy-crest\/langfristiger-aufenthalt\/","url":"https:\/\/www.savoydubai.com\/de\/savoy-crest\/langfristiger-aufenthalt\/","name":"Langfristiger Aufenthalt - Savoy Dubai","isPartOf":{"@id":"https:\/\/www.savoydubai.com\/de\/#website"},"datePublished":"2020-10-08T13:55:55+00:00","dateModified":"2020-10-12T12:35:15+00:00","breadcrumb":{"@id":"https:\/\/www.savoydubai.com\/de\/savoy-crest\/langfristiger-aufenthalt\/#breadcrumb"},"inLanguage":"de-DE","potentialAction":[{"@type":"ReadAction","target":["https:\/\/www.savoydubai.com\/de\/savoy-crest\/langfristiger-aufenthalt\/"]}]},{"@type":"BreadcrumbList","@id":"https:\/\/www.savoydubai.com\/de\/savoy-crest\/langfristiger-aufenthalt\/#breadcrumb","itemListElement":[{"@type":"ListItem","position":1,"name":"Home","item":"https:\/\/www.savoydubai.com\/de\/"},{"@type":"ListItem","position":2,"name":"Savoy Crest","item":"https:\/\/www.savoydubai.com\/de\/savoy-crest\/"},{"@type":"ListItem","position":3,"name":"Langfristiger Aufenthalt"}]},{"@type":"WebSite","@id":"https:\/\/www.savoydubai.com\/de\/#website","url":"https:\/\/www.savoydubai.com\/de\/","name":"Savoy Dubai","description":"Just another ms.decms.eu site","potentialAction":[{"@type":"SearchAction","target":{"@type":"EntryPoint","urlTemplate":"https:\/\/www.savoydubai.com\/de\/?s={search_term_string}"},"query-input":{"@type":"PropertyValueSpecification","valueRequired":true,"valueName":"search_term_string"}}],"inLanguage":"de-DE"}]}},"acf":[],"_links":{"self":[{"href":"https:\/\/www.savoydubai.com\/de\/wp-json\/wp\/v2\/pages\/1816","targetHints":{"allow":["GET"]}}],"collection":[{"href":"https:\/\/www.savoydubai.com\/de\/wp-json\/wp\/v2\/pages"}],"about":[{"href":"https:\/\/www.savoydubai.com\/de\/wp-json\/wp\/v2\/types\/page"}],"author":[{"embeddable":true,"href":"https:\/\/www.savoydubai.com\/de\/wp-json\/wp\/v2\/users\/36"}],"replies":[{"embeddable":true,"href":"https:\/\/www.savoydubai.com\/de\/wp-json\/wp\/v2\/comments?post=1816"}],"version-history":[{"count":0,"href":"https:\/\/www.savoydubai.com\/de\/wp-json\/wp\/v2\/pages\/1816\/revisions"}],"up":[{"embeddable":true,"href":"https:\/\/www.savoydubai.com\/de\/wp-json\/wp\/v2\/pages\/291"}],"wp:attachment":[{"href":"https:\/\/www.savoydubai.com\/de\/wp-json\/wp\/v2\/media?parent=1816"}],"curies":[{"name":"wp","href":"https:\/\/api.w.org\/{rel}","templated":true}]}}