{"id":1778,"date":"2020-10-06T15:09:50","date_gmt":"2020-10-06T15:09:50","guid":{"rendered":"http:\/\/savoy-dubai.ms.decms.eu\/?page_id=1778"},"modified":"2020-10-09T13:08:53","modified_gmt":"2020-10-09T13:08:53","slug":"langfristiger-aufenthalt","status":"publish","type":"page","link":"https:\/\/www.savoydubai.com\/de\/savoy-suites\/langfristiger-aufenthalt\/","title":{"rendered":"Langfristiger Aufenthalt"},"content":{"rendered":"<p>Wenn Sie nach einem Hotel-Apartment f\u00fcr einen l\u00e4ngeren Aufenthalt in Dubai suchen, ist das Savoy Suites die ideale Wahl.<\/p>\n<p>Die Savoy-Suites befinden sich in zentraler Lage im Herzen von Mankhool Bur Dubai und k\u00f6nnen monatlich gemietet werden, um Ihnen ein zweites Zuhause f\u00fcr l\u00e4ngere Aufenthalte zu bieten. Wir haben mit einer luxuri\u00f6sen Einrichtung und allen modernen Annehmlichkeiten eine perfekte und komfortable Unterkunft f\u00fcr anspruchsvolle Reisende geschaffen.<\/p>\n<p>W\u00e4hrend Ihres Aufenthalts im Savoy Suites in Dubai haben Sie die Wahl zwischen einem klassischen Studio-Apartment-Zimmer oder einer Superior-Apartment-Suite mit zwei Schlafzimmern und einer Reihe von Annehmlichkeiten.<\/p>\n<p><strong><u>Diese Apartments umfassen<\/u><\/strong>:<\/p>\n<ul>\n<li>Eine voll ausgestattete Kochnische mit Kochplatten, einen gro\u00dfen K\u00fchlschrank mit Gefrierfach, eine Mikrowelle sowie alle K\u00fcchenutensilien, die Sie w\u00e4hrend Ihres Aufenthalts ben\u00f6tigen.<\/li>\n<li>Mehrere Superm\u00e4rkte und Lebensmittelgesch\u00e4fte sind bequem zu Fu\u00df vom Hotel aus zu erreichen.<\/li>\n<li>Jedes Apartment und Studio ist au\u00dferdem mit einer Waschmaschine, einem W\u00e4schetrockner sowie einem B\u00fcgeleisen und B\u00fcgelbrett ausgestattet.<\/li>\n<li>In dem separaten, komfortabel eingerichteten Sitzbereich mit Schlafsofa und einem gro\u00dfen Fernseher k\u00f6nnen Sie sich nach einem anstrengenden Tag entspannen.<\/li>\n<li>An einem separaten Schreibtisch k\u00f6nnen Sie auch Ihre Arbeit bequem erledigen.<\/li>\n<li>Gut ausgestattete Badezimmer mit Badewanne und Dusche.<\/li>\n<li>Regelm\u00e4\u00dfiger Reinigungsservice.<\/li>\n<li>Rezeption, Sicherheitsdienst, Reinigungsdienst und Concierge-Service rund um die Uhr verf\u00fcgbar.<\/li>\n<\/ul>\n<p>Ihre Gesundheit und Sicherheit stehen bei uns an vorderster Stelle, weshalb Sie sich sicher sein k\u00f6nnen, im Savoy Suites in guten H\u00e4nden zu sein. Wir reinigen und desinfizieren alle Bereiche, einschlie\u00dflich der Aufz\u00fcge und Korridore, nach den h\u00f6chsten Standards und desinfizieren h\u00e4ufig genutzte Ber\u00fchrungspunkte st\u00fcndlich.<\/p>\n<p>Neben dem Komfort eines Langzeitaufenthalts in einem komfortablen, voll m\u00f6blierten Hotel-Apartment bietet die Entscheidung f\u00fcr ein Hotel-Apartment in Bur Dubai zur monatlichen Miete im Vergleich zum Einzug in ein Wohngeb\u00e4ude oder ein Grundst\u00fcck eine Reihe von zus\u00e4tzlichen Kostenvorteilen:<\/p>\n<ul>\n<li>Keine beim Einzug an einen Makler oder Immobilienmakler zu zahlende Provision<\/li>\n<li>Keine Sicherheitskautionen erforderlich<\/li>\n<li>Wir arbeiten nach einem \u201ePay as you Stay\u201c-Modell, d.\u00a0h. Sie m\u00fcssen weder 3 Monate im Voraus bezahlen noch nachdatierte Schecks f\u00fcr zuk\u00fcnftige Monate ausstellen.<\/li>\n<li>Keine lokalen Wohngeb\u00fchren \u2013 Rera und Ejari<\/li>\n<li>Keine Verwaltungsgeb\u00fchren bei Verl\u00e4ngerung des Mietvertrags<\/li>\n<li>Keine Anzahlung f\u00fcr Stromanschluss oder monatliche Stromrechnungen (DEWA), da diese bereits in Ihrem Zimmerpreis enthalten sind<\/li>\n<li>Keine Notwendigkeit, einen Antrag auf eine Festnetzverbindung mit DU oder Etisalat zu stellen<\/li>\n<li>Keine Abonnements f\u00fcr TV- und Unterhaltungskan\u00e4le erforderlich, da diese bereits kostenlos zur Verf\u00fcgung gestellt werden.<\/li>\n<li>Kostenlose Internetverbindung\u00a0\u2013 jedes Zimmer ist mit einem eigenen Top-End-Router ausgestattet.<\/li>\n<\/ul>\n<p>Mit Ihrer Wahl des Savoy Suites Dubai entscheiden Sie sich f\u00fcr einen luxuri\u00f6sen Aufenthalt in der Region Bur Dubai voller Entspannung und Ruhe und mit einem ausgezeichneten Preis-Leistungs-Verh\u00e4ltnis.<\/p>\n\n                <div class='gf_browser_gecko gform_wrapper' id='gform_wrapper_42' ><form method='post' enctype='multipart\/form-data'  id='gform_42'  action='\/de\/wp-json\/wp\/v2\/pages\/1778'>\n                        <div class='gform_heading'>\n                            <span class='gform_description'><\/span>\n                        <\/div>\n                        <div class='gform_body'><ul id='gform_fields_42' class='gform_fields top_label form_sublabel_below description_below'><li id='field_42_9'  class='gfield gfield_html gfield_html_formatted gfield_no_follows_desc field_sublabel_below field_description_below gfield_visibility_visible' ><h2 class=\"the-title uppercase centered\">\nAnfrage nach den besten Preisen\n<\/h2><\/li><li id='field_42_1'  class='gfield middle gfield_contains_required field_sublabel_below field_description_below gfield_visibility_visible' ><label class='gfield_label' for='input_42_1' >Vor- und Nachname<span class='gfield_required'>*<\/span><\/label><div class='ginput_container ginput_container_text'><input name='input_1' id='input_42_1' type='text' value='' class='medium'     aria-required=\"true\" aria-invalid=\"false\" \/><\/div><\/li><li id='field_42_3'  class='gfield middle gfield_contains_required field_sublabel_below field_description_below gfield_visibility_visible' ><label class='gfield_label' for='input_42_3' >E-Mail-Adresse<span class='gfield_required'>*<\/span><\/label><div class='ginput_container ginput_container_email'>\n                            <input name='input_3' id='input_42_3' type='text' value='' class='medium'    aria-required=\"true\" aria-invalid=\"false\" \/>\n                        <\/div><\/li><li id='field_42_4'  class='gfield middle field_sublabel_below field_description_below gfield_visibility_visible' ><label class='gfield_label' for='input_42_4' >Mobil-\/WhatsApp-Nr.<\/label><div class='ginput_container ginput_container_phone'><input name='input_4' id='input_42_4' type='text' value='' class='medium'    aria-invalid=\"false\"  \/><\/div><\/li><li id='field_42_8'  class='gfield middle gfield_contains_required field_sublabel_below field_description_below gfield_visibility_visible' ><label class='gfield_label' for='input_42_8' >Anreisedatum<span class='gfield_required'>*<\/span><\/label><div class='ginput_container ginput_container_date'>\n                            <input name='input_8' id='input_42_8' type='text' value='28\/04\/2026' class='datepicker medium dmy datepicker_with_icon'    aria-describedby='input_42_8_date_format' \/>\n                            <span id='input_42_8_date_format' class='screen-reader-text'>Date Format: TT Schr\u00e4gstrich MM Schr\u00e4gstrich JJJJ<\/span>\n                        <\/div>\n                        <input type='hidden' id='gforms_calendar_icon_input_42_8' class='gform_hidden' value='https:\/\/www.savoydubai.com\/wp-content\/plugins\/gravityforms\/images\/calendar.png'\/><\/li><li id='field_42_5'  class='gfield gfield_contains_required field_sublabel_below field_description_below gfield_visibility_visible' ><label class='gfield_label' for='input_42_5' >Nachricht<span class='gfield_required'>*<\/span><\/label><div class='ginput_container ginput_container_textarea'><textarea name='input_5' id='input_42_5' class='textarea medium'     aria-required=\"true\" aria-invalid=\"false\"   rows='10' cols='50'><\/textarea><\/div><\/li><li id='field_42_6'  class='gfield privacy-policy gfield_contains_required field_sublabel_below field_description_below gfield_visibility_visible' ><label class='gfield_label'  >Datenschutzrichtlinie<span class='gfield_required'>*<\/span><\/label><div class='ginput_container ginput_container_checkbox'><ul class='gfield_checkbox' id='input_42_6'><li class='gchoice_42_6_1'>\n\t\t\t\t\t\t\t\t<input name='input_6.1' type='checkbox'  value='*  Durch das Anklicken dieser Schaltfl\u00e4che erkl\u00e4ren Sie sich damit einverstanden, unsere &lt;a href=&quot;https:\/\/savoy-dubai.ms.decms.eu\/de\/savoy-suites\/datenschutz\/&quot;&gt;Datenschutzrichtlinie&lt;\/a&gt; zu akzeptieren'  id='choice_42_6_1'   \/>\n\t\t\t\t\t\t\t\t<label for='choice_42_6_1' id='label_42_6_1'>*  Durch das Anklicken dieser Schaltfl\u00e4che erkl\u00e4ren Sie sich damit einverstanden, unsere <a href=\"https:\/\/savoy-dubai.ms.decms.eu\/de\/savoy-suites\/datenschutz\/\">Datenschutzrichtlinie<\/a> zu akzeptieren<\/label>\n\t\t\t\t\t\t\t<\/li><\/ul><\/div><\/li><li id='field_42_7'  class='gfield required-fields gfield_html gfield_html_formatted gfield_no_follows_desc field_sublabel_below field_description_below gfield_visibility_visible' >* Pflichtfelder<\/li><li id='field_42_11'  class='gfield field_sublabel_below field_description_below gfield_visibility_visible' ><label class='gfield_label' for='input_42_11' >CAPTCHA<\/label><div id='input_42_11' class='ginput_container ginput_recaptcha' data-sitekey='6LfcmNsZAAAAAEcHpYogIloqCxisBmxa902I-tYC'  data-theme='light' data-tabindex='0'  data-badge=''><\/div><\/li><li id='field_42_12'  class='gfield gform_validation_container field_sublabel_below field_description_below gfield_visibility_visible' ><label class='gfield_label' for='input_42_12' >Comments<\/label><div class='ginput_container'><input name='input_12' id='input_42_12' type='text' value='' \/><\/div><div class='gfield_description' id='gfield_description_42_12'>Dieses Feld dient zur Validierung und sollte nicht ver\u00e4ndert werden.<\/div><\/li>\n                            <\/ul><\/div>\n        <div class='gform_footer top_label'> <input type='submit' id='gform_submit_button_42' class='gform_button button' value='Nachricht senden'  onclick='if(window[\"gf_submitting_42\"]){return false;}  window[\"gf_submitting_42\"]=true;  ' onkeypress='if( event.keyCode == 13 ){ if(window[\"gf_submitting_42\"]){return false;} window[\"gf_submitting_42\"]=true;  jQuery(\"#gform_42\").trigger(\"submit\",[true]); }' \/> \n            <input type='hidden' class='gform_hidden' name='is_submit_42' value='1' \/>\n            <input type='hidden' class='gform_hidden' name='gform_submit' value='42' \/>\n            \n            <input type='hidden' class='gform_hidden' name='gform_unique_id' value='' \/>\n            <input type='hidden' class='gform_hidden' name='state_42' value='WyJbXSIsIjMzYmYyMWNkYTJhNzA4YTM1YzdlNzFmY2RiNzcyYTQwIl0=' \/>\n            <input type='hidden' class='gform_hidden' name='gform_target_page_number_42' id='gform_target_page_number_42' value='0' \/>\n            <input type='hidden' class='gform_hidden' name='gform_source_page_number_42' id='gform_source_page_number_42' value='1' \/>\n            <input type='hidden' name='gform_field_values' value='' \/>\n            \n        <\/div>\n                        <\/form>\n                        <\/div>\n","protected":false},"excerpt":{"rendered":"<p>Wenn Sie nach einem Hotel-Apartment f\u00fcr einen l\u00e4ngeren Aufenthalt in Dubai suchen, ist das Savoy Suites die ideale Wahl. Die Savoy-Suites befinden sich in zentraler Lage im Herzen von Mankhool Bur Dubai und k\u00f6nnen monatlich gemietet werden, um Ihnen ein zweites Zuhause f\u00fcr l\u00e4ngere Aufenthalte zu bieten. Wir haben mit einer luxuri\u00f6sen Einrichtung und allen [&hellip;]<\/p>\n","protected":false},"author":36,"featured_media":0,"parent":287,"menu_order":50,"comment_status":"closed","ping_status":"closed","template":"template-hotel-default.php","meta":{"footnotes":""},"class_list":["post-1778","page","type-page","status-publish","hentry"],"yoast_head":"<!-- This site is optimized with the Yoast SEO plugin v26.9 - https:\/\/yoast.com\/product\/yoast-seo-wordpress\/ -->\n<title>Langfristiger Aufenthalt - Savoy Dubai<\/title>\n<meta name=\"robots\" content=\"index, follow, max-snippet:-1, max-image-preview:large, max-video-preview:-1\" \/>\n<link rel=\"canonical\" href=\"https:\/\/www.savoydubai.com\/de\/savoy-suites\/langfristiger-aufenthalt\/\" \/>\n<meta property=\"og:locale\" content=\"de_DE\" \/>\n<meta property=\"og:type\" content=\"article\" \/>\n<meta property=\"og:title\" content=\"Langfristiger Aufenthalt - Savoy Dubai\" \/>\n<meta property=\"og:description\" content=\"Wenn Sie nach einem Hotel-Apartment f\u00fcr einen l\u00e4ngeren Aufenthalt in Dubai suchen, ist das Savoy Suites die ideale Wahl. Die Savoy-Suites befinden sich in zentraler Lage im Herzen von Mankhool Bur Dubai und k\u00f6nnen monatlich gemietet werden, um Ihnen ein zweites Zuhause f\u00fcr l\u00e4ngere Aufenthalte zu bieten. Wir haben mit einer luxuri\u00f6sen Einrichtung und allen [&hellip;]\" \/>\n<meta property=\"og:url\" content=\"https:\/\/www.savoydubai.com\/de\/savoy-suites\/langfristiger-aufenthalt\/\" \/>\n<meta property=\"og:site_name\" content=\"Savoy Dubai\" \/>\n<meta property=\"article:modified_time\" content=\"2020-10-09T13:08:53+00:00\" \/>\n<meta name=\"twitter:card\" content=\"summary_large_image\" \/>\n<meta name=\"twitter:label1\" content=\"Gesch\u00e4tzte Lesezeit\" \/>\n\t<meta name=\"twitter:data1\" content=\"2 Minuten\" \/>\n<script type=\"application\/ld+json\" class=\"yoast-schema-graph\">{\"@context\":\"https:\/\/schema.org\",\"@graph\":[{\"@type\":\"WebPage\",\"@id\":\"https:\/\/www.savoydubai.com\/de\/savoy-suites\/langfristiger-aufenthalt\/\",\"url\":\"https:\/\/www.savoydubai.com\/de\/savoy-suites\/langfristiger-aufenthalt\/\",\"name\":\"Langfristiger Aufenthalt - Savoy Dubai\",\"isPartOf\":{\"@id\":\"https:\/\/www.savoydubai.com\/de\/#website\"},\"datePublished\":\"2020-10-06T15:09:50+00:00\",\"dateModified\":\"2020-10-09T13:08:53+00:00\",\"breadcrumb\":{\"@id\":\"https:\/\/www.savoydubai.com\/de\/savoy-suites\/langfristiger-aufenthalt\/#breadcrumb\"},\"inLanguage\":\"de-DE\",\"potentialAction\":[{\"@type\":\"ReadAction\",\"target\":[\"https:\/\/www.savoydubai.com\/de\/savoy-suites\/langfristiger-aufenthalt\/\"]}]},{\"@type\":\"BreadcrumbList\",\"@id\":\"https:\/\/www.savoydubai.com\/de\/savoy-suites\/langfristiger-aufenthalt\/#breadcrumb\",\"itemListElement\":[{\"@type\":\"ListItem\",\"position\":1,\"name\":\"Home\",\"item\":\"https:\/\/www.savoydubai.com\/de\/\"},{\"@type\":\"ListItem\",\"position\":2,\"name\":\"Savoy Suites\",\"item\":\"https:\/\/www.savoydubai.com\/de\/savoy-suites\/\"},{\"@type\":\"ListItem\",\"position\":3,\"name\":\"Langfristiger Aufenthalt\"}]},{\"@type\":\"WebSite\",\"@id\":\"https:\/\/www.savoydubai.com\/de\/#website\",\"url\":\"https:\/\/www.savoydubai.com\/de\/\",\"name\":\"Savoy Dubai\",\"description\":\"Just another ms.decms.eu site\",\"potentialAction\":[{\"@type\":\"SearchAction\",\"target\":{\"@type\":\"EntryPoint\",\"urlTemplate\":\"https:\/\/www.savoydubai.com\/de\/?s={search_term_string}\"},\"query-input\":{\"@type\":\"PropertyValueSpecification\",\"valueRequired\":true,\"valueName\":\"search_term_string\"}}],\"inLanguage\":\"de-DE\"}]}<\/script>\n<!-- \/ Yoast SEO plugin. -->","yoast_head_json":{"title":"Langfristiger Aufenthalt - Savoy Dubai","robots":{"index":"index","follow":"follow","max-snippet":"max-snippet:-1","max-image-preview":"max-image-preview:large","max-video-preview":"max-video-preview:-1"},"canonical":"https:\/\/www.savoydubai.com\/de\/savoy-suites\/langfristiger-aufenthalt\/","og_locale":"de_DE","og_type":"article","og_title":"Langfristiger Aufenthalt - Savoy Dubai","og_description":"Wenn Sie nach einem Hotel-Apartment f\u00fcr einen l\u00e4ngeren Aufenthalt in Dubai suchen, ist das Savoy Suites die ideale Wahl. Die Savoy-Suites befinden sich in zentraler Lage im Herzen von Mankhool Bur Dubai und k\u00f6nnen monatlich gemietet werden, um Ihnen ein zweites Zuhause f\u00fcr l\u00e4ngere Aufenthalte zu bieten. Wir haben mit einer luxuri\u00f6sen Einrichtung und allen [&hellip;]","og_url":"https:\/\/www.savoydubai.com\/de\/savoy-suites\/langfristiger-aufenthalt\/","og_site_name":"Savoy Dubai","article_modified_time":"2020-10-09T13:08:53+00:00","twitter_card":"summary_large_image","twitter_misc":{"Gesch\u00e4tzte Lesezeit":"2 Minuten"},"schema":{"@context":"https:\/\/schema.org","@graph":[{"@type":"WebPage","@id":"https:\/\/www.savoydubai.com\/de\/savoy-suites\/langfristiger-aufenthalt\/","url":"https:\/\/www.savoydubai.com\/de\/savoy-suites\/langfristiger-aufenthalt\/","name":"Langfristiger Aufenthalt - Savoy Dubai","isPartOf":{"@id":"https:\/\/www.savoydubai.com\/de\/#website"},"datePublished":"2020-10-06T15:09:50+00:00","dateModified":"2020-10-09T13:08:53+00:00","breadcrumb":{"@id":"https:\/\/www.savoydubai.com\/de\/savoy-suites\/langfristiger-aufenthalt\/#breadcrumb"},"inLanguage":"de-DE","potentialAction":[{"@type":"ReadAction","target":["https:\/\/www.savoydubai.com\/de\/savoy-suites\/langfristiger-aufenthalt\/"]}]},{"@type":"BreadcrumbList","@id":"https:\/\/www.savoydubai.com\/de\/savoy-suites\/langfristiger-aufenthalt\/#breadcrumb","itemListElement":[{"@type":"ListItem","position":1,"name":"Home","item":"https:\/\/www.savoydubai.com\/de\/"},{"@type":"ListItem","position":2,"name":"Savoy Suites","item":"https:\/\/www.savoydubai.com\/de\/savoy-suites\/"},{"@type":"ListItem","position":3,"name":"Langfristiger Aufenthalt"}]},{"@type":"WebSite","@id":"https:\/\/www.savoydubai.com\/de\/#website","url":"https:\/\/www.savoydubai.com\/de\/","name":"Savoy Dubai","description":"Just another ms.decms.eu site","potentialAction":[{"@type":"SearchAction","target":{"@type":"EntryPoint","urlTemplate":"https:\/\/www.savoydubai.com\/de\/?s={search_term_string}"},"query-input":{"@type":"PropertyValueSpecification","valueRequired":true,"valueName":"search_term_string"}}],"inLanguage":"de-DE"}]}},"acf":[],"_links":{"self":[{"href":"https:\/\/www.savoydubai.com\/de\/wp-json\/wp\/v2\/pages\/1778","targetHints":{"allow":["GET"]}}],"collection":[{"href":"https:\/\/www.savoydubai.com\/de\/wp-json\/wp\/v2\/pages"}],"about":[{"href":"https:\/\/www.savoydubai.com\/de\/wp-json\/wp\/v2\/types\/page"}],"author":[{"embeddable":true,"href":"https:\/\/www.savoydubai.com\/de\/wp-json\/wp\/v2\/users\/36"}],"replies":[{"embeddable":true,"href":"https:\/\/www.savoydubai.com\/de\/wp-json\/wp\/v2\/comments?post=1778"}],"version-history":[{"count":0,"href":"https:\/\/www.savoydubai.com\/de\/wp-json\/wp\/v2\/pages\/1778\/revisions"}],"up":[{"embeddable":true,"href":"https:\/\/www.savoydubai.com\/de\/wp-json\/wp\/v2\/pages\/287"}],"wp:attachment":[{"href":"https:\/\/www.savoydubai.com\/de\/wp-json\/wp\/v2\/media?parent=1778"}],"curies":[{"name":"wp","href":"https:\/\/api.w.org\/{rel}","templated":true}]}}